{"id":4469,"date":"2021-05-12T18:14:45","date_gmt":"2021-05-12T18:14:45","guid":{"rendered":"https:\/\/www.anjahoeve.nl\/?page_id=4469"},"modified":"2026-04-20T09:19:43","modified_gmt":"2026-04-20T09:19:43","slug":"texel-puzzle-1000-stueck","status":"publish","type":"page","link":"https:\/\/www.anjahoeve.nl\/de\/anja-hoeve-tipps\/texel-puzzle-1000-stueck\/","title":{"rendered":"Texel Puzzle 1000 Stueck"},"content":{"rendered":"<p>Cecile de Boer hat ein wundersch\u00f6nes abstraktes Gem\u00e4lde der Aussicht auf unseren Bauernhof angefertigt. Das Original h\u00e4ngt in unserem Haus Sonja.<\/p>\n<p>Jetzt in Puzzleform bestehend aus 1.000 Teilen und es ist nicht einfach. Speziell f\u00fcr die G\u00e4ste des Anjahoeve kann dies bei Buchung eines Urlaubsaufenthaltes im Anjahoeve bestellt werden.&nbsp;Das Puzzle ist dann bei Ihrer Ankunft f\u00fcr Sie bereit.<\/p>\n<p>Es liegt dann an Ihnen, was Sie damit machen sollen; Die Fanatiker k\u00f6nnen nicht warten und beginnen sofort. Oder Sie k\u00f6nnen es f\u00fcr zu Hause behalten; oder als Geschenk an einen Enthusiasten.<\/p>\n<p>Der Verkaufspreis betr\u00e4gt 25,00 \u20ac. Unsere G\u00e4ste zahlen \u20ac 15,00 in Kombination mit einer zu buchenden Unterkunft.<\/p>\nngg_shortcode_0_placeholder\n<p>&nbsp;<\/p>\n<p>Sie k\u00f6nnen das Puzzle ganz einfach mit Ihrer Online-Reservierung einer Unterkunft im Anja Hoeve \u00fcber unsere Website unter BOOK EXTRA im Reservierungsformular bestellen.&nbsp;<\/p>\n<p>Haben Sie bereits eine Unterkunft gebucht und m\u00f6chten das Puzzle auch bei Ihrer Ankunft erhalten? Senden Sie uns eine WhatsApp-Nachricht oder eine E-Mail und wir senden Ihnen eine Zahlungsanforderung.&nbsp;<\/p>\n<p>Wenn Sie das Puzzle reserviert haben, sorgen wir daf\u00fcr, dass das Puzzle bei Ankunft in der Unterkunft Ihrer Wahl fertig ist.<\/p>\n<ul>\n<li>Exklusiv f\u00fcr unsere G\u00e4ste<\/li>\n<li>Eine limitierte Auflage<\/li>\n<li>Abmessung Puzzle 68 x 49<\/li>\n<li>Ein Sammlerst\u00fcck&nbsp;<\/li>\n<\/ul>\n","protected":false},"excerpt":{"rendered":"<p>Cecile de Boer hat ein wundersch\u00f6nes abstraktes Gem\u00e4lde der Aussicht auf unseren Bauernhof angefertigt. Das Original h\u00e4ngt in unserem Haus Sonja. Jetzt in Puzzleform bestehend aus 1.000 Teilen und es ist nicht einfach. Speziell f\u00fcr die G\u00e4ste des Anjahoeve kann dies bei Buchung eines Urlaubsaufenthaltes im Anjahoeve bestellt werden.&nbsp;Das Puzzle ist dann bei Ihrer Ankunft [&hellip;]<\/p>\n","protected":false},"author":4,"featured_media":0,"parent":1969,"menu_order":0,"comment_status":"closed","ping_status":"closed","template":"","meta":{"_seopress_robots_primary_cat":"","_seopress_titles_title":"","_seopress_titles_desc":"","_seopress_robots_index":"","_genesis_hide_title":false,"_genesis_hide_breadcrumbs":false,"_genesis_hide_singular_image":false,"_genesis_hide_footer_widgets":false,"_genesis_custom_body_class":"","_genesis_custom_post_class":"","_genesis_layout":"","ngg_post_thumbnail":0,"_joinchat":[],"footnotes":""},"class_list":{"0":"post-4469","1":"page","2":"type-page","3":"status-publish","5":"entry"},"_links":{"self":[{"href":"https:\/\/www.anjahoeve.nl\/de\/wp-json\/wp\/v2\/pages\/4469","targetHints":{"allow":["GET"]}}],"collection":[{"href":"https:\/\/www.anjahoeve.nl\/de\/wp-json\/wp\/v2\/pages"}],"about":[{"href":"https:\/\/www.anjahoeve.nl\/de\/wp-json\/wp\/v2\/types\/page"}],"author":[{"embeddable":true,"href":"https:\/\/www.anjahoeve.nl\/de\/wp-json\/wp\/v2\/users\/4"}],"replies":[{"embeddable":true,"href":"https:\/\/www.anjahoeve.nl\/de\/wp-json\/wp\/v2\/comments?post=4469"}],"version-history":[{"count":10,"href":"https:\/\/www.anjahoeve.nl\/de\/wp-json\/wp\/v2\/pages\/4469\/revisions"}],"predecessor-version":[{"id":6515,"href":"https:\/\/www.anjahoeve.nl\/de\/wp-json\/wp\/v2\/pages\/4469\/revisions\/6515"}],"up":[{"embeddable":true,"href":"https:\/\/www.anjahoeve.nl\/de\/wp-json\/wp\/v2\/pages\/1969"}],"wp:attachment":[{"href":"https:\/\/www.anjahoeve.nl\/de\/wp-json\/wp\/v2\/media?parent=4469"}],"curies":[{"name":"wp","href":"https:\/\/api.w.org\/{rel}","templated":true}]}}