{"id":4188,"date":"2021-03-29T09:19:34","date_gmt":"2021-03-29T09:19:34","guid":{"rendered":"https:\/\/www.anjahoeve.nl\/?page_id=4188"},"modified":"2022-04-10T08:11:29","modified_gmt":"2022-04-10T08:11:29","slug":"laden-sie-ihr-auto-auf-texel","status":"publish","type":"page","link":"https:\/\/www.anjahoeve.nl\/de\/anja-hoeve-tipps\/laden-sie-ihr-auto-auf-texel\/","title":{"rendered":"Laden Sie Ihr Auto auf Texel"},"content":{"rendered":"<p>Schlie\u00dflich wurde durch die Zusammenarbeit mit Ons Buurtschap \u201ede Westen\u201c ein seit einiger Zeit bestehender Wunsch verwirklicht. Der AnjaHoeve, das Texels Stroodak und unser Bungalow Sonja nutzen den Energieertrag von Sonnenkollektoren.<\/p>\n<h2>Solarprojekt De Westen: Lass die Sonne scheinen!<\/h2>\n<p>R\u00e4umlich und \u00e4sthetisch ist es nicht w\u00fcnschenswert, Sonnenkollektoren auf unserem Land zu platzieren. Strohd\u00e4cher und Sonnenkollektoren passen nicht zusammen. Kurz gesagt, es fehlt uns an Dachfl\u00e4che auf unserem eigenen Gel\u00e4nde. Die L\u00f6sung lag bei unseren Nachbarn, denen die Schuppen am Bakkenweg geh\u00f6ren. Die D\u00e4cher der Scheune wurden ersetzt und es gibt jetzt ungef\u00e4hr 150 Sonnenkollektoren, auf denen wir und andere Nachbarn Sonnenenergie erzeugen. Solarprojekt Buurtschap de Westen war erfolgreich.<\/p>\n<h2>Ladestationen am AnjaHoeve<\/h2>\n<p>Dank des Solarprojekts k\u00f6nnen unsere G\u00e4ste und Besitzer eines Elektroautos ihr Auto jetzt an den Ladestationen des Anjahoeve aufladen. Aufgrund der begrenzten Entfernungen ist unsere Insel ohnehin ideal f\u00fcr Elektroautos. Wir beginnen mit 4 EV-Ladeger\u00e4ten und jeder h\u00e4lt seinen eigenen Parkplatz. Unsere Ladestationen funktionieren nicht mit den nationalen EV-Karten. Bei uns zahlen Sie ein bisschen Kosten f\u00fcr den Stromverbrauch zum Aufladen Ihres Autos. Sie ben\u00f6tigen unsere eigene Anja Hoeve-Ladekarte, um auf die EV-Ladestation zugreifen zu k\u00f6nnen. Wenn Sie die Karte verlieren werden, berechnen wir \u20ac50,- f\u00fcr eine Ersatzkarte.<\/p>\n<h2>TexelEnergie: AnjaHoeve = UM<\/h2>\n<p>Ab dem 1. April 2021 wird TexelEnergie in Anjahoeve erneut der bevorzugte Lieferant f\u00fcr Gas und Strom sein. TexelEnergie gibt es seit 2007 und zielt darauf ab, 100% gr\u00fcne Energie vor Ort zu erzeugen. Dies kann durch verschiedene nachhaltige Projekte und kleine Initiativen erreicht werden. Unser Solarprojekt Buurtschap de Westen ist ein gutes Beispiel daf\u00fcr, wie Sie Nachhaltigkeit durch kleine L\u00f6sungen in der N\u00e4he des (Ferien-) Hauses erreichen k\u00f6nnen.<\/p>\n<h2>Texel4Trading<\/h2>\n<p><a href=\"https:\/\/www.texel4trading.nl\/\" target=\"_blank\" rel=\"noopener\">Texel4Trading<\/a> hat unser Solarprojekt von Anfang bis Ende begleitet, bietet Anpassungsm\u00f6glichkeiten und gibt uns Einblick in den Energieertrag pro Solarpanel und Tag. Texel4Trading verfolgt einen innovativen Ansatz, kurz gesagt, wir empfehlen sie von Herzen.<\/p>\n<h2>Standorte Allgemeine Ladestationen auf Texel<\/h2>\n<p>Auf Texel gibt es 20 \u00f6ffentliche Ladestationen f\u00fcr Elektroautos und Elektroroller. Die \u00f6ffentlichen Ladestationen befinden sich auf den gro\u00dfen Parkpl\u00e4tzen. Auf der Website von VVV Texel finden Sie eine Liste der Orte, an denen Sie Ihr Auto aufladen k\u00f6nnen. Oder sehen Sie sich die <a href=\"https:\/\/drive.google.com\/open?id=1VF-ow3VQsLzlctgRUGQW1NQuNw3HUyVW&amp;usp=sharing\" target=\"_blank\" rel=\"noopener\">Standorte auf unserer Google Maps-Karte<\/a>&nbsp;an.<\/p>\n<h2>Wie k\u00f6nnen Sie uns helfen, Energie zu sparen?<\/h2>\n<p>Mit sehr einfachen Dingen helfen Sie uns, die Energierechnung im Griff zu halten, und gemeinsam nutzen wir den Energieertrag der Solarmodule optimal.<\/p>\n<ul>\n<li>Schalten Sie den vollen Geschirrsp\u00fcler nach dem Fr\u00fchst\u00fcck ein (also tags\u00fcber)<\/li>\n<li>Wenn Sie die Waschmaschine oder den Trockner benutzen m\u00f6chten, tun Sie dies tags\u00fcber<\/li>\n<li>Vergessen Sie nicht, das Licht auszuschalten, wenn Sie einen Raum verlassen<\/li>\n<li>Das Aufladen (Fahrradbatterien, IPhone, IPad usw.) ist kein Problem, bitte tags\u00fcber so viel wie m\u00f6glich<\/li>\n<\/ul>\n<p>Sie halten nicht nur die Energiekosten \u00fcberschaubar, sondern helfen uns und der gesamten Texel-Gemeinde auch, indem Sie Abf\u00e4lle trennen.<br \/>\nIn unserem Carport finden Sie:<\/p>\n<ul>\n<li>Ein gro\u00dfartiger Beh\u00e4lter f\u00fcr all Ihren Hausm\u00fcll<\/li>\n<li>Ein Rollenbeh\u00e4lter mit einem orangefarbenen Deckel f\u00fcr anderen Kunststoff<\/li>\n<li>Ein Rollenbeh\u00e4lter mit schwarzem Deckel f\u00fcr PET-Flaschen<\/li>\n<li>Schachteln f\u00fcr Papier<\/li>\n<li>Eine Box f\u00fcr Ihre Glaswaren<\/li>\n<li>Ein Beh\u00e4lter f\u00fcr Ihre Dosen<\/li>\n<li>Gem\u00fcser\u00fcckst\u00e4nde, Blatth\u00e4ute oder altes Brot: Bo &amp; Bo oder unsere H\u00fchner m\u00f6gen es<\/li>\n<\/ul>\n","protected":false},"excerpt":{"rendered":"<p>Schlie\u00dflich wurde durch die Zusammenarbeit mit Ons Buurtschap \u201ede Westen\u201c ein seit einiger Zeit bestehender Wunsch verwirklicht. Der AnjaHoeve, das Texels Stroodak und unser Bungalow Sonja nutzen den Energieertrag von Sonnenkollektoren. Solarprojekt De Westen: Lass die Sonne scheinen! R\u00e4umlich und \u00e4sthetisch ist es nicht w\u00fcnschenswert, Sonnenkollektoren auf unserem Land zu platzieren. Strohd\u00e4cher und Sonnenkollektoren passen [&hellip;]<\/p>\n","protected":false},"author":3,"featured_media":0,"parent":1969,"menu_order":0,"comment_status":"closed","ping_status":"closed","template":"","meta":{"_seopress_robots_primary_cat":"","_seopress_titles_title":"","_seopress_titles_desc":"","_seopress_robots_index":"","_genesis_hide_title":false,"_genesis_hide_breadcrumbs":false,"_genesis_hide_singular_image":false,"_genesis_hide_footer_widgets":false,"_genesis_custom_body_class":"","_genesis_custom_post_class":"","_genesis_layout":"","ngg_post_thumbnail":0,"_joinchat":[],"footnotes":""},"class_list":{"0":"post-4188","1":"page","2":"type-page","3":"status-publish","5":"entry"},"_links":{"self":[{"href":"https:\/\/www.anjahoeve.nl\/de\/wp-json\/wp\/v2\/pages\/4188","targetHints":{"allow":["GET"]}}],"collection":[{"href":"https:\/\/www.anjahoeve.nl\/de\/wp-json\/wp\/v2\/pages"}],"about":[{"href":"https:\/\/www.anjahoeve.nl\/de\/wp-json\/wp\/v2\/types\/page"}],"author":[{"embeddable":true,"href":"https:\/\/www.anjahoeve.nl\/de\/wp-json\/wp\/v2\/users\/3"}],"replies":[{"embeddable":true,"href":"https:\/\/www.anjahoeve.nl\/de\/wp-json\/wp\/v2\/comments?post=4188"}],"version-history":[{"count":13,"href":"https:\/\/www.anjahoeve.nl\/de\/wp-json\/wp\/v2\/pages\/4188\/revisions"}],"predecessor-version":[{"id":4832,"href":"https:\/\/www.anjahoeve.nl\/de\/wp-json\/wp\/v2\/pages\/4188\/revisions\/4832"}],"up":[{"embeddable":true,"href":"https:\/\/www.anjahoeve.nl\/de\/wp-json\/wp\/v2\/pages\/1969"}],"wp:attachment":[{"href":"https:\/\/www.anjahoeve.nl\/de\/wp-json\/wp\/v2\/media?parent=4188"}],"curies":[{"name":"wp","href":"https:\/\/api.w.org\/{rel}","templated":true}]}}