{"id":3139,"date":"2020-02-13T23:00:47","date_gmt":"2020-02-13T23:00:47","guid":{"rendered":"https:\/\/www.anjahoeve.nl\/?page_id=3139"},"modified":"2024-02-13T09:24:59","modified_gmt":"2024-02-13T09:24:59","slug":"reisebedingungen","status":"publish","type":"page","link":"https:\/\/www.anjahoeve.nl\/de\/reisebedingungen\/","title":{"rendered":"Reisebedingungen"},"content":{"rendered":"<h1>Reisebedingungen AnjaHoeve<\/h1>\n<ul>\n<li>Im Falle einer Stornierung entsprechen wir den Stornierungsbedingungen des&nbsp;<a href=\"https:\/\/www.texel.net\/nl\/over-texel\/over-ons\/voorwaarden\/algemene-reisvoorwaarden\" target=\"_blank\" rel=\"noopener noreferrer\">VVV Texel<\/a>.<\/li>\n<\/ul>\n<h3>Artikel 11, R\u00fccktritt des Resienden<\/h3>\n<p>Falls ein Reisevertrag annuliert werden sollte, schuldet jeder Reisende, neben den eventuell geschuldeten Reservierungskosten, auch die im Zusammenhang mit der Annulierung entstandenen Kosten.<\/p>\n<p>&nbsp; &nbsp;Bei Angeboten pro Wohneinheit:<\/p>\n<ul>\n<li>bei R\u00fccktritt bis zum 42. Tage vor dem Tage der Ankunft: 30% des Reisepreises;<\/li>\n<li>bei R\u00fccktritt zwischen dem 42. Tage (einschlie\u00dflich) und dem 28. Tage vor dem Tage der Ankunft: 60% des Reisepreises;<\/li>\n<li>bei R\u00fccktritt zwischen dem 28. Tage (einschlie\u00dflich) und dem Tage der Ankunft: 90% des Reisepreises;<\/li>\n<li>bei R\u00fccktritt am Tage der Ankunft: der gesamte Reisepreis.Die in diesem Artikel genannten R\u00fccktrittskosten d\u00fcrfen den Reisepreis nicht \u00fcberschreiten. M\u00f6chten Sie Ihre Reise stornieren? Diesen Wunsch k\u00f6nnen Sie gerne telefonisch oder per E-Mail \u00e4u\u00dfern. Als Stornotag gilt das Datum, an dem Sie uns Ihre Stornierung per E-Mail oder Telefon mitgeteilt haben.<\/li>\n<\/ul>\n","protected":false},"excerpt":{"rendered":"<p>Reisebedingungen AnjaHoeve Im Falle einer Stornierung entsprechen wir den Stornierungsbedingungen des&nbsp;VVV Texel. Artikel 11, R\u00fccktritt des Resienden Falls ein Reisevertrag annuliert werden sollte, schuldet jeder Reisende, neben den eventuell geschuldeten Reservierungskosten, auch die im Zusammenhang mit der Annulierung entstandenen Kosten. &nbsp; &nbsp;Bei Angeboten pro Wohneinheit: bei R\u00fccktritt bis zum 42. Tage vor dem Tage der [&hellip;]<\/p>\n","protected":false},"author":4,"featured_media":0,"parent":0,"menu_order":0,"comment_status":"closed","ping_status":"closed","template":"","meta":{"_seopress_robots_primary_cat":"","_seopress_titles_title":"","_seopress_titles_desc":"","_seopress_robots_index":"","_genesis_hide_title":false,"_genesis_hide_breadcrumbs":false,"_genesis_hide_singular_image":false,"_genesis_hide_footer_widgets":false,"_genesis_custom_body_class":"","_genesis_custom_post_class":"","_genesis_layout":"","ngg_post_thumbnail":0,"_joinchat":[],"footnotes":""},"class_list":{"0":"post-3139","1":"page","2":"type-page","3":"status-publish","5":"entry"},"_links":{"self":[{"href":"https:\/\/www.anjahoeve.nl\/de\/wp-json\/wp\/v2\/pages\/3139","targetHints":{"allow":["GET"]}}],"collection":[{"href":"https:\/\/www.anjahoeve.nl\/de\/wp-json\/wp\/v2\/pages"}],"about":[{"href":"https:\/\/www.anjahoeve.nl\/de\/wp-json\/wp\/v2\/types\/page"}],"author":[{"embeddable":true,"href":"https:\/\/www.anjahoeve.nl\/de\/wp-json\/wp\/v2\/users\/4"}],"replies":[{"embeddable":true,"href":"https:\/\/www.anjahoeve.nl\/de\/wp-json\/wp\/v2\/comments?post=3139"}],"version-history":[{"count":7,"href":"https:\/\/www.anjahoeve.nl\/de\/wp-json\/wp\/v2\/pages\/3139\/revisions"}],"predecessor-version":[{"id":5520,"href":"https:\/\/www.anjahoeve.nl\/de\/wp-json\/wp\/v2\/pages\/3139\/revisions\/5520"}],"wp:attachment":[{"href":"https:\/\/www.anjahoeve.nl\/de\/wp-json\/wp\/v2\/media?parent=3139"}],"curies":[{"name":"wp","href":"https:\/\/api.w.org\/{rel}","templated":true}]}}