{"id":1998,"date":"2019-02-15T15:23:20","date_gmt":"2019-02-15T15:23:20","guid":{"rendered":"https:\/\/www.anjahoeve.nl\/cms\/?page_id=1998"},"modified":"2024-03-10T14:54:38","modified_gmt":"2024-03-10T14:54:38","slug":"preise-2024","status":"publish","type":"page","link":"https:\/\/www.anjahoeve.nl\/de\/preise\/preise-2024\/","title":{"rendered":"Preise 2024"},"content":{"rendered":"<h2>Preise pro Woche 2024<\/h2>\n<p>inclusiv Bettw\u00e4ssche, Endreinigung, Touristensteuer und Mehrwertsteuersatz von 9 %<\/p>\n\n<table id=\"tablepress-5\" class=\"tablepress tablepress-id-5 prijzen\">\n<thead>\n<tr class=\"row-1\">\n\t<th class=\"column-1\">Week<\/th><th class=\"column-2\">App<br \/>\nRood<\/th><th class=\"column-3\">App <br \/>\nBlauw<\/th><th class=\"column-4\">App<br \/>\nGroen<\/th><th class=\"column-5\">App<br \/>\nGeel<\/th><th class=\"column-6\">App<br \/>\nHeem<\/th><th class=\"column-7\">App<br \/>\nHof<\/th><th class=\"column-8\">Sonja<\/th>\n<\/tr>\n<\/thead>\n<tbody class=\"row-striping row-hover\">\n<tr class=\"row-2\">\n\t<td class=\"column-1\">7-01 \/  11-02<\/td><td class=\"column-2\">675<\/td><td class=\"column-3\">600<\/td><td class=\"column-4\">500<\/td><td class=\"column-5\">675<\/td><td class=\"column-6\">675<\/td><td class=\"column-7\">675<\/td><td class=\"column-8\">1000<\/td>\n<\/tr>\n<tr class=\"row-3\">\n\t<td class=\"column-1\">12-02 \/  18-03<\/td><td class=\"column-2\">750<br \/>\n<\/td><td class=\"column-3\">675<\/td><td class=\"column-4\">600<\/td><td class=\"column-5\">750<\/td><td class=\"column-6\">750<\/td><td class=\"column-7\">750<\/td><td class=\"column-8\">1100<\/td>\n<\/tr>\n<tr class=\"row-4\">\n\t<td class=\"column-1\">19-03 \/  22-04<\/td><td class=\"column-2\">860<\/td><td class=\"column-3\">800<\/td><td class=\"column-4\">675<\/td><td class=\"column-5\">860<\/td><td class=\"column-6\">860<\/td><td class=\"column-7\">860<\/td><td class=\"column-8\">1200<\/td>\n<\/tr>\n<tr class=\"row-5\">\n\t<td class=\"column-1\">23-04 \/  24-06<\/td><td class=\"column-2\">975<\/td><td class=\"column-3\">900<\/td><td class=\"column-4\">725<\/td><td class=\"column-5\">975<\/td><td class=\"column-6\">975<\/td><td class=\"column-7\">975<\/td><td class=\"column-8\">1300<\/td>\n<\/tr>\n<tr class=\"row-6\">\n\t<td class=\"column-1\">25-06 \/  02-09<\/td><td class=\"column-2\">1075<\/td><td class=\"column-3\">975<\/td><td class=\"column-4\">775<\/td><td class=\"column-5\">1075<\/td><td class=\"column-6\">1075<\/td><td class=\"column-7\">1075<\/td><td class=\"column-8\">1400<\/td>\n<\/tr>\n<tr class=\"row-7\">\n\t<td class=\"column-1\">3-09 \/  04-11<\/td><td class=\"column-2\">975<\/td><td class=\"column-3\">900<\/td><td class=\"column-4\">725<\/td><td class=\"column-5\">975<\/td><td class=\"column-6\">975<\/td><td class=\"column-7\">975<\/td><td class=\"column-8\">1300<\/td>\n<\/tr>\n<tr class=\"row-8\">\n\t<td class=\"column-1\">05-11 \/  23-12<\/td><td class=\"column-2\">800<\/td><td class=\"column-3\">750<\/td><td class=\"column-4\">600<\/td><td class=\"column-5\">800<\/td><td class=\"column-6\">800<\/td><td class=\"column-7\">800<\/td><td class=\"column-8\">1200<\/td>\n<\/tr>\n<tr class=\"row-9\">\n\t<td class=\"column-1\">24-12 \/ 06-01-2025<\/td><td class=\"column-2\">975<\/td><td class=\"column-3\">900<\/td><td class=\"column-4\">725<\/td><td class=\"column-5\">975<\/td><td class=\"column-6\">975<\/td><td class=\"column-7\">975<\/td><td class=\"column-8\">1300<\/td>\n<\/tr>\n<\/tbody>\n<\/table>\n<!-- #tablepress-5 from cache -->\n<h2>Preise pro Weekend oder Mitt-Woche 2024<\/h2>\n<p>inclusiv Bettw\u00e4ssche, Endreinigung, Touristensteuer, Strom, Gas und Mehrwertsteuersatz von 9 %<\/p>\n\n<table id=\"tablepress-6\" class=\"tablepress tablepress-id-6 prijzen\">\n<thead>\n<tr class=\"row-1\">\n\t<th class=\"column-1\">WK \/ MW<\/th><th class=\"column-2\">App<br \/>\nRood<\/th><th class=\"column-3\">App<br \/>\nBlauw<\/th><th class=\"column-4\">App <br \/>\nGroen<\/th><th class=\"column-5\">App <br \/>\nGeel<\/th><th class=\"column-6\">App<br \/>\nHeem<\/th><th class=\"column-7\">App<br \/>\nHof<\/th><th class=\"column-8\">Sonja<\/th>\n<\/tr>\n<\/thead>\n<tbody class=\"row-striping row-hover\">\n<tr class=\"row-2\">\n\t<td class=\"column-1\">8-01 \/ 11-02<\/td><td class=\"column-2\">375<\/td><td class=\"column-3\">350<\/td><td class=\"column-4\">335<\/td><td class=\"column-5\">425<\/td><td class=\"column-6\">-<\/td><td class=\"column-7\">-<\/td><td class=\"column-8\">575<\/td>\n<\/tr>\n<tr class=\"row-3\">\n\t<td class=\"column-1\">12-02 \/ 18-03<\/td><td class=\"column-2\">-<\/td><td class=\"column-3\">-<\/td><td class=\"column-4\">375<\/td><td class=\"column-5\">475<\/td><td class=\"column-6\">-<\/td><td class=\"column-7\">-<\/td><td class=\"column-8\">625<\/td>\n<\/tr>\n<tr class=\"row-4\">\n\t<td class=\"column-1\">05-11 \/ 20-12<\/td><td class=\"column-2\">425<\/td><td class=\"column-3\">400<\/td><td class=\"column-4\">375<\/td><td class=\"column-5\">475<\/td><td class=\"column-6\">-<\/td><td class=\"column-7\">-<\/td><td class=\"column-8\">625<\/td>\n<\/tr>\n<\/tbody>\n<\/table>\n<!-- #tablepress-6 from cache -->\n<h2>Woche \/ Mitt-Woche (Mo-Fr) \/ Wochenende<\/h2>\n<ul>\n<li>Preise sind Wochenpreise. Preisestellung 2024 unter vorbehalt von lokale steuern.<\/li>\n<li>Preise aufgabe 2024 ist inclusiv Bettw\u00e4ssche, Endreinigung, Touristensteuer und Mehrwertsteuersatz von 9 %<\/li>\n<li>Ankunft und Abreise Tag Freitag: Appartement Rot, Blau, Gr\u00fcn, Gelb und Bungalow Sonja<\/li>\n<li>Ankunft und Abreise Tag Samstag: Texels Stroodak mit Appartement Heem &amp; Hof<\/li>\n<li>Eine Buchung f\u00fcr ein Wochenende (Donnerstag bis Sonntag ob Freitag bis Montag) oder Mitt-Woche (Montag bis Freitag) ist nur m\u00f6glich wenn die Preise im Obenstehende Preisecalender vermeld sind.<\/li>\n<li>Sehen Sie Preise vor Wochenende und Mittwoche an bei <a href=\"https:\/\/www.anjahoeve.nl\/de\/reservieren\/\">Reservieren<\/a>.<\/li>\n<\/ul>\n<h2>Nebenkosten (Pflicht)<\/h2>\n<ul>\n<li>Haustiere (nach R\u00fccksprache erlaubt): \u20ac 35,00 pro Haustier pro urlaubsreservierung<\/li>\n<\/ul>\n<h2>Anja&#8217;s Extra&#8217;s<\/h2>\n<ul>\n<li>Handtuchpaket: \u20ac 7,50 pro Paket<\/li>\n<li>Kinderbett (Bettw\u00e4sche selbst mitnehmen) und Kinderstuhl: kostenlos<\/li>\n<li><a href=\"https:\/\/www.anjahoeve.nl\/de\/anja-hoeve-tipps\/laden-sie-ihr-auto-auf-texel\/\" target=\"_blank\" rel=\"noopener\">Ladekarte E-Auto<\/a>: Urlaub 7 Nachten und langer: \u20ac 2,50 pro tag<\/li>\n<li><a href=\"https:\/\/www.anjahoeve.nl\/de\/anja-hoeve-tipps\/laden-sie-ihr-auto-auf-texel\/\">Ladekarte E-Auto<\/a>: Kurzurlaub bis 4 Nachten: \u20ac 17,50 einmalig<\/li>\n<li><a href=\"https:\/\/www.anjahoeve.nl\/de\/texel-puzzle-1000-stueck\/\" target=\"_blank\" rel=\"noopener\">Anjahoeve Puzzle 1.000 Teilen<\/a>: \u20ac 15,00<\/li>\n<\/ul>\n<h2>Fahrradverleih bei Anjahoeve: Reservieren ohne Lieferkosten<\/h2>\n<p>Das gesamte Vermeulenbikes-Sortiment ist jetzt verf\u00fcgbar (z. B. Fahrr\u00e4der, E-Bikes, angepasste Fahrr\u00e4der, Elektroroller, Mountainbikes usw.) und kann einfach und \u00fcbersichtlich \u00fcber unsere spezielle Reservierungsseite reserviert werden. Um Entt\u00e4uschungen zu vermeiden, empfehlen wir Ihnen, Ihre Fahrr\u00e4der rechtzeitig vor Ihrer Ankunft zu reservieren. Vermeulen Bikes sorgt daf\u00fcr, dass alle reservierten Fahrr\u00e4der am Anjahoeve bereitstehen.<\/p>\n<ul>\n<li>Fahrr\u00e4der besorgen ohne lieferkosten<\/li>\n<li>Pannehilfedienst vor unterweg<\/li>\n<li>Reservieren Sie ihre Fahrrad ohne lieferkosten: <a href=\"https:\/\/shop.tilia.app\/14\/anjahoeve\" target=\"_blank\" rel=\"noopener\">VermeulenBikes@Anjahoeve<\/a><\/li>\n<\/ul>\n<h2>Checkin zwischen 15.00 &#8211; 18.00 Uhr \/ Checkout 10.00 Uhr<\/h2>\n<ul>\n<li>Am Tag der Anreise steht das Appartement ab 15.00Uhr gereinigt zu Ihrer Verf\u00fcgung<\/li>\n<li>Am Tag der Abreise bitten wir Sie das Appartement sp\u00e4testens um 10.00 Uhr zu verlassen<\/li>\n<\/ul>\n<h2>Reisebedingungen AnjaHoeve<\/h2>\n<ul>\n<li>Im Falle einer Stornierung entsprechen wir den Stornierungsbedingungen des <a href=\"https:\/\/www.texel.net\/de\/ueber-texel\/ueber-uns\/bedingungen\/allgemeine-reisebedingungen\" target=\"_blank\" rel=\"noopener noreferrer\">VVV Texel<\/a>.<\/li>\n<\/ul>\n<h3>Artikel 11, R\u00fccktritt des Resienden<\/h3>\n<p>Falls ein Reisevertrag annuliert werden sollte, schuldet jeder Reisende, neben den eventuell geschuldeten Reservierungskosten, auch die im Zusammenhang mit der Annulierung entstandenen Kosten.<\/p>\n<p>&nbsp; &nbsp;Bei Angeboten pro Wohneinheit:<\/p>\n<ul>\n<li>bei R\u00fccktritt bis zum 42. Tage vor dem Tage der Ankunft: 30% des Reisepreises;<\/li>\n<li>bei R\u00fccktritt zwischen dem 42. Tage (einschlie\u00dflich) und dem 28. Tage vor dem Tage der Ankunft: 60% des Reisepreises;<\/li>\n<li>bei R\u00fccktritt zwischen dem 28. Tage (einschlie\u00dflich) und dem Tage der Ankunft: 90% des Reisepreises;<\/li>\n<li>bei R\u00fccktritt am Tage der Ankunft: der gesamte Reisepreis.Die in diesem Artikel genannten R\u00fccktrittskosten d\u00fcrfen den Reisepreis nicht \u00fcberschreiten. M\u00f6chten Sie Ihre Reise stornieren?<br \/>\nDiesen Wunsch k\u00f6nnen Sie gerne telefonisch oder per E-Mail \u00e4u\u00dfern. Als Stornotag gilt das Datum, an dem Sie uns Ihre Stornierung per E-Mail oder Telefon mitgeteilt haben.<\/li>\n<\/ul>\n","protected":false},"excerpt":{"rendered":"<p>Preise pro Woche 2024 inclusiv Bettw\u00e4ssche, Endreinigung, Touristensteuer und Mehrwertsteuersatz von 9 % Preise pro Weekend oder Mitt-Woche 2024 inclusiv Bettw\u00e4ssche, Endreinigung, Touristensteuer, Strom, Gas und Mehrwertsteuersatz von 9 % Woche \/ Mitt-Woche (Mo-Fr) \/ Wochenende Preise sind Wochenpreise. Preisestellung 2024 unter vorbehalt von lokale steuern. Preise aufgabe 2024 ist inclusiv Bettw\u00e4ssche, Endreinigung, Touristensteuer und [&hellip;]<\/p>\n","protected":false},"author":3,"featured_media":0,"parent":2587,"menu_order":0,"comment_status":"closed","ping_status":"closed","template":"","meta":{"_seopress_robots_primary_cat":"","_seopress_titles_title":"","_seopress_titles_desc":"","_seopress_robots_index":"","_genesis_hide_title":false,"_genesis_hide_breadcrumbs":false,"_genesis_hide_singular_image":false,"_genesis_hide_footer_widgets":false,"_genesis_custom_body_class":"","_genesis_custom_post_class":"","_genesis_layout":"content-sidebar","ngg_post_thumbnail":0,"_joinchat":[],"footnotes":""},"class_list":{"0":"post-1998","1":"page","2":"type-page","3":"status-publish","5":"entry"},"_links":{"self":[{"href":"https:\/\/www.anjahoeve.nl\/de\/wp-json\/wp\/v2\/pages\/1998","targetHints":{"allow":["GET"]}}],"collection":[{"href":"https:\/\/www.anjahoeve.nl\/de\/wp-json\/wp\/v2\/pages"}],"about":[{"href":"https:\/\/www.anjahoeve.nl\/de\/wp-json\/wp\/v2\/types\/page"}],"author":[{"embeddable":true,"href":"https:\/\/www.anjahoeve.nl\/de\/wp-json\/wp\/v2\/users\/3"}],"replies":[{"embeddable":true,"href":"https:\/\/www.anjahoeve.nl\/de\/wp-json\/wp\/v2\/comments?post=1998"}],"version-history":[{"count":20,"href":"https:\/\/www.anjahoeve.nl\/de\/wp-json\/wp\/v2\/pages\/1998\/revisions"}],"predecessor-version":[{"id":5773,"href":"https:\/\/www.anjahoeve.nl\/de\/wp-json\/wp\/v2\/pages\/1998\/revisions\/5773"}],"up":[{"embeddable":true,"href":"https:\/\/www.anjahoeve.nl\/de\/wp-json\/wp\/v2\/pages\/2587"}],"wp:attachment":[{"href":"https:\/\/www.anjahoeve.nl\/de\/wp-json\/wp\/v2\/media?parent=1998"}],"curies":[{"name":"wp","href":"https:\/\/api.w.org\/{rel}","templated":true}]}}