{"id":1985,"date":"2019-02-15T14:52:41","date_gmt":"2019-02-15T14:52:41","guid":{"rendered":"https:\/\/www.anjahoeve.nl\/cms\/?page_id=1985"},"modified":"2024-10-22T07:31:28","modified_gmt":"2024-10-22T07:31:28","slug":"links","status":"publish","type":"page","link":"https:\/\/www.anjahoeve.nl\/de\/anja-hoeve-tipps\/links\/","title":{"rendered":"Links"},"content":{"rendered":"<h2>Wir sind verbunden mit:<\/h2>\n<ul>\n<li><a href=\"https:\/\/www.texel.net\/de\/uebernachten\/zo-texels\/\" target=\"_blank\" rel=\"noopener noreferrer\">www.ZoTexels.nl<\/a> &#8211; Zo Texels -Typisch Texeler Unterkunftverschaffer<\/li>\n<li><a href=\"http:\/\/www.top-texel.nl\/\" target=\"_blank\" rel=\"noopener noreferrer\">www.top-texel.nl<\/a>&nbsp;&#8211; Texeler Unternehmer Plattform<\/li>\n<li><a title=\"Anjahoeve VVV\" href=\"http:\/\/www.texel.net\/de\/suchen\/anja-hoeve\" target=\"_blank\" rel=\"noopener noreferrer\">www.texel.net<\/a>&nbsp;&#8211; Fremdenverkehrsverein Texel<\/li>\n<li><a href=\"http:\/\/www.npduinenvantexel.nl\/page\/Nationaal-Park\/Gastheren\" target=\"_blank\" rel=\"noopener noreferrer\">www.npduinenvantexel.nl&nbsp;<\/a>&#8211; Gastgeber Nationalpark Duinen van Texel<\/li>\n<\/ul>\n<ul>\n<li><a href=\"http:\/\/www.aardingenbliksem.nl\/\" target=\"_blank\" rel=\"noopener noreferrer\">www.AardingenBliksem.nl<\/a>&nbsp;&#8211; Ihr Erdungs- und Blitzarbeiten Spezialist auf Texel und in den Niederlanden<\/li>\n<li><a href=\"https:\/\/www.texel.net\/de\/ueber-texel\/faciliteiten\/hilfe-im-notfall\/\" target=\"_blank\" rel=\"noopener noreferrer\">www.texel.net\/nl\/over-texel\/gezondheidszorg&nbsp;<\/a>&#8211; Hilfe im Notfall&nbsp;<\/li>\n<li><a href=\"https:\/\/www.texel.net\/de\/texel-tipps\/fuer-koerperbehinderte\/\" target=\"_blank\" rel=\"noopener noreferrer\">Tipps f\u00fcr K\u00f6rperbehinderte auf VVV Texel<\/a> &#8211; Tipps f\u00fcr K\u00f6rperbehinderte<\/li>\n<li><a href=\"https:\/\/www.schulferien-online.de\/\" target=\"_blank\" rel=\"noopener noreferrer\">www.schulferien-online.de<\/a>&#8211; eine \u00fcbersichtliche Seite mit Schulferien im Deutschland<\/li>\n<li><a href=\"http:\/\/www.vermeulenbikes.nl\/\" target=\"_blank\" rel=\"noopener noreferrer\">www.vermeulenbikes.nl<\/a>&nbsp;&#8211; Bei uns mieten Sie vor Ort die Fahrr\u00e4der von Vermeulen<\/li>\n<li><a href=\"http:\/\/www.texelsites.nl\/\" target=\"_blank\" rel=\"noopener noreferrer\">www.texelsites.nl<\/a>&nbsp;&#8211; TexelSites entwirft und bildet stilvolle Webseiten<\/li>\n<li><a href=\"http:\/\/www.texelblues.nl\/\" target=\"_blank\" rel=\"noopener noreferrer\">www.texelblues.nl<\/a>&nbsp;&#8211; Das Texelblues Festival in Den Burg, jedes Jahr im Oktober!<\/li>\n<li><a href=\"http:\/\/www.rondeomtexel.nl\/\" target=\"_blank\" rel=\"noopener noreferrer\">www.rondeomtexel.nl&nbsp;<\/a>&#8211; DIE Katamaran RUNDE VON TEXEL<\/li>\n<li><a href=\"https:\/\/waddentax-texel.nl\/?fbclid=IwY2xjawGEMipleHRuA2FlbQIxMAABHbZSiukTYkq_llh8piyRaAP6weLcIOxyz37Jeub6ETTK7P72AuWmPPmaZA_aem_DU7bMFm26k95gNOPMSTmHA\">www.waddentaxTexel.nl<\/a> &#8211; Taxi n\u00f6tig? Bitte rufen Sie an (0031) (0) 222 -72 60 72<\/li>\n<\/ul>\n<p>&nbsp;<\/p>\n<h2>Leckerbissen von Texel<\/h2>\n<ul>\n<li><a href=\"https:\/\/www.novalishoeve.nl\/binnen\/winkel\" target=\"_blank\" rel=\"noopener noreferrer\">www.novalishoeve.n<\/a>l \u2013 biolgisch brood, ijs &amp; het dagcaf\u00e9<\/li>\n<li><a href=\"https:\/\/www.wezenspyk.nl\/de\/\" target=\"_blank\" rel=\"noopener noreferrer\">www.wezenspyk.nl<\/a>&nbsp;\u2013 Kaas; proef de smaak van Texel<\/li>\n<li><a href=\"https:\/\/zuivelboerderijtexel.nl\/de\/der-bauernhof\/der-laden\/\">Texelse Milchprodukte von Bauernhof<\/a> &#8211; Zuivelboerderij Texel<\/li>\n<li><a href=\"https:\/\/www.texelseasperge.nl\" target=\"_blank\" rel=\"noopener noreferrer\">www.TexelseAsperges.nl<\/a>&nbsp;\u2013 Die halen we in het winkeltje bij Keijser op Ongeren!<\/li>\n<li><a href=\"http:\/\/www.zelfpluktuin.nl\/\" target=\"_blank\" rel=\"noopener noreferrer\">www.zelfpluktuin.nl<\/a>&nbsp;\u2013 pluk zelf seizoensgebonden fruit<\/li>\n<li><a href=\"https:\/\/texelseboerderijwinkel.nl\/\">www.texelseboerderijwinkel.nl<\/a> \u2013 Lamsvlees van Stoofpot tot Lamsrack<\/li>\n<li><a href=\"https:\/\/www.detexelsesoepketel.nl\/\" target=\"_blank\" rel=\"noopener noreferrer\">www.detexelsesoepketel.nl<\/a>&nbsp;\u2013 Vrijdag Bio Soepdag 10.30-16.30 op de Groeneplaats<\/li>\n<\/ul>\n","protected":false},"excerpt":{"rendered":"<p>Wir sind verbunden mit: www.ZoTexels.nl &#8211; Zo Texels -Typisch Texeler Unterkunftverschaffer www.top-texel.nl&nbsp;&#8211; Texeler Unternehmer Plattform www.texel.net&nbsp;&#8211; Fremdenverkehrsverein Texel www.npduinenvantexel.nl&nbsp;&#8211; Gastgeber Nationalpark Duinen van Texel www.AardingenBliksem.nl&nbsp;&#8211; Ihr Erdungs- und Blitzarbeiten Spezialist auf Texel und in den Niederlanden www.texel.net\/nl\/over-texel\/gezondheidszorg&nbsp;&#8211; Hilfe im Notfall&nbsp; Tipps f\u00fcr K\u00f6rperbehinderte auf VVV Texel &#8211; Tipps f\u00fcr K\u00f6rperbehinderte www.schulferien-online.de&#8211; eine \u00fcbersichtliche Seite mit [&hellip;]<\/p>\n","protected":false},"author":3,"featured_media":0,"parent":1969,"menu_order":0,"comment_status":"closed","ping_status":"closed","template":"","meta":{"_seopress_robots_primary_cat":"","_seopress_titles_title":"","_seopress_titles_desc":"","_seopress_robots_index":"","_genesis_hide_title":false,"_genesis_hide_breadcrumbs":false,"_genesis_hide_singular_image":false,"_genesis_hide_footer_widgets":false,"_genesis_custom_body_class":"","_genesis_custom_post_class":"","_genesis_layout":"","ngg_post_thumbnail":0,"_joinchat":[],"footnotes":""},"class_list":{"0":"post-1985","1":"page","2":"type-page","3":"status-publish","5":"entry"},"_links":{"self":[{"href":"https:\/\/www.anjahoeve.nl\/de\/wp-json\/wp\/v2\/pages\/1985","targetHints":{"allow":["GET"]}}],"collection":[{"href":"https:\/\/www.anjahoeve.nl\/de\/wp-json\/wp\/v2\/pages"}],"about":[{"href":"https:\/\/www.anjahoeve.nl\/de\/wp-json\/wp\/v2\/types\/page"}],"author":[{"embeddable":true,"href":"https:\/\/www.anjahoeve.nl\/de\/wp-json\/wp\/v2\/users\/3"}],"replies":[{"embeddable":true,"href":"https:\/\/www.anjahoeve.nl\/de\/wp-json\/wp\/v2\/comments?post=1985"}],"version-history":[{"count":8,"href":"https:\/\/www.anjahoeve.nl\/de\/wp-json\/wp\/v2\/pages\/1985\/revisions"}],"predecessor-version":[{"id":6050,"href":"https:\/\/www.anjahoeve.nl\/de\/wp-json\/wp\/v2\/pages\/1985\/revisions\/6050"}],"up":[{"embeddable":true,"href":"https:\/\/www.anjahoeve.nl\/de\/wp-json\/wp\/v2\/pages\/1969"}],"wp:attachment":[{"href":"https:\/\/www.anjahoeve.nl\/de\/wp-json\/wp\/v2\/media?parent=1985"}],"curies":[{"name":"wp","href":"https:\/\/api.w.org\/{rel}","templated":true}]}}