{"id":1976,"date":"2019-02-15T14:29:16","date_gmt":"2019-02-15T14:29:16","guid":{"rendered":"https:\/\/www.anjahoeve.nl\/cms\/?page_id=1976"},"modified":"2026-04-20T09:25:57","modified_gmt":"2026-04-20T09:25:57","slug":"hier-koennen-kinder-noch-richtig-spielen","status":"publish","type":"page","link":"https:\/\/www.anjahoeve.nl\/de\/anja-hoeve-tipps\/hier-koennen-kinder-noch-richtig-spielen\/","title":{"rendered":"Hier k\u00f6nnen Kinder noch richtig spielen"},"content":{"rendered":"<p>Auf Texel gibt es nat\u00fcrlich immer etwas zu tun, zu erleben und zu unternehmen. Gerade f\u00fcr Kinder ist das Angebot auf Texel sehr gro\u00df.<br \/>\nAber manchmal hat man einfach das Bed\u00fcrfnis, in Ruhe auf der eigenen Terrasse zu entspannen, die Sonne zu genie\u00dfen oder ein Buch zu lesen.<br \/>\nDann ist es gut, wenn man wei\u00df, dass auf Anja Hoeve auch an die Kinder gedacht wurde.<\/p>\n<p>Der Bauernhof ist von einem gro\u00dfen Garten umgeben und verf\u00fcgt \u00fcber eine Terrasse zur gemeinschaftlichen Benutzung. Im Garten befinden sich auch Schaukeln und Kletterpf\u00e4hle, sowie ein zum Sandkasten umfunktioniertes Ruderboot, die TX Anja. Auch unser Fu\u00dfballfeld ist bei den Jungen und M\u00e4dchen sehr beliebt.<\/p>\n<h2>Sch\u00f6n drau\u00dfen!<\/h2>\nngg_shortcode_0_placeholder\n<p>&nbsp;<\/p>\n<h2>Bauernhoftiere<\/h2>\n<p>In der Villa Kakelbont, der Name unseres H\u00fchnerstalls, leben unsere H\u00fchner und auf der kleinen Weide unsere Ziegen Bo und Bo. Auf dem direkt angrenzenden Weideland grasen regelm\u00e4\u00dfig die Schafe und L\u00e4mmer des Schafbauern van der Lindenhoeve.<br \/>\nIn Ihrer Ferienunterkunft finden Sie auch einige Gesellschaftsspiele wie Monopoly und Kniffel.<\/p>\n<h1>Tipps f\u00fcr Ausfl\u00fcge mit Kindern<\/h1>\n<h2>Indoor-Kinderspielparadies<\/h2>\n<p>Das <a href=\"https:\/\/www.krim-texel.de\/tagesausflug\/indoorspielplatz\" target=\"_blank\" rel=\"noopener noreferrer\">Indoor-Kinderspielparadies auf der Krim<\/a> in De Cocksdorp ist ein gro\u00dfer, einladender, \u00fcberdeckter Spielplatz f\u00fcr Kinder bis zu 10 Jahren. Kinder k\u00f6nnen hier nach Herzenslust klettern, rutschen und springen. Und w\u00e4hrend sich die Kinder an den gigantischen aber doch sicheren Spielobjekten ausleben, k\u00f6nnen Sie in aller Ruhe am Lesetisch eine Tasse Kaffee genie\u00dfen. Diese Attraktion hat das ganze Jahr \u00fcber ge\u00f6ffnet und garantiert stundenlangen (wetterunabh\u00e4ngigen) Spielspa\u00df. Der Eintritt ist kostenlos und nat\u00fcrlich haben Sie hier kostenloses Wifi.<\/p>\n<h2>Sommeltjespad<\/h2>\n<p>Kinder lieben den <a href=\"https:\/\/www.npduinenvantexel.nl\/5121\/doen\/wandelen\/het-sommeltjespad-15-km\" target=\"_blank\" rel=\"noopener noreferrer\">Sommeltjespad<\/a>, ein Kindernaturpfad durch den texelschen Wald mit einer L\u00e4nge von 1,5 km. Entlang der Sommeltjes, eine Art texelschem Zwerg, kann man sich selbst seinen Weg bahnen.<\/p>\n<p>Dieser Pfad ist besonders f\u00fcr Kinder zwischen 3 und 8 Jahren geeignet. F\u00fcr die \u00e4lteren Kinder ist es eine Herausforderung, als erster die Anweisungen zu finden. Entlang des Weges gibt es f\u00fcr Kinder sehr viel zu entdecken. Von einer Eule im Baum bis hin zu den Sommeltjes, die unter den Baumwurzeln ihr Zuhause haben. Die \u00dcberlieferung erz\u00e4hlt, dass die Sommeltjes Erdm\u00e4nnchen sind, die im Sommeltjesberg etwas au\u00dferhalb des Dorfes De Waal wohnten.<\/p>\n<p>Route: Seitenweg 14, dem Weg folgen, am Ende nach links. <a href=\"https:\/\/www.google.nl\/maps\/place\/53%C2%B004'57.3%22N+4%C2%B045'25.5%22E\/@53.0825833,4.7548946,17z\/data=!3m1!4b1!4m5!3m4!1s0x0:0x0!8m2!3d53.0825712!4d4.7570885?hl=nl\" target=\"_blank\" rel=\"noopener noreferrer\">Startpunt<\/a> &gt;&gt;<\/p>\n<h2>Aussichtturm Fonteinsnol, Abenteuer im texelschen Wald<\/h2>\n<p>Am Ende des Bakkenwegs liegt im Wald versteckt der Aussichtsturm Fonteinsnol.<br \/>\nWie kommt er zu seinem Namen? Eine Nol ist eine hohe D\u00fcne und ein Fontein ist ein Brunnen. Dort, wo sich die Fonteinsnol befindet, wurde Ende des 19. Jahrhunderts der texelsche Wald angepflanzt. Der Brunnen trocknete aus, doch die hohe D\u00fcne gibt es immer noch. Der Aussichtsturm bei der Fonteinsnol ist einer der bekanntesten Aussichtspunkte der Insel und sicher einen Besuch wert.<\/p>\n","protected":false},"excerpt":{"rendered":"<p>Auf Texel gibt es nat\u00fcrlich immer etwas zu tun, zu erleben und zu unternehmen. Gerade f\u00fcr Kinder ist das Angebot auf Texel sehr gro\u00df. Aber manchmal hat man einfach das Bed\u00fcrfnis, in Ruhe auf der eigenen Terrasse zu entspannen, die Sonne zu genie\u00dfen oder ein Buch zu lesen. Dann ist es gut, wenn man wei\u00df, [&hellip;]<\/p>\n","protected":false},"author":3,"featured_media":0,"parent":1969,"menu_order":0,"comment_status":"closed","ping_status":"closed","template":"","meta":{"_seopress_robots_primary_cat":"","_seopress_titles_title":"","_seopress_titles_desc":"","_seopress_robots_index":"","_genesis_hide_title":false,"_genesis_hide_breadcrumbs":false,"_genesis_hide_singular_image":false,"_genesis_hide_footer_widgets":false,"_genesis_custom_body_class":"kinderen","_genesis_custom_post_class":"","_genesis_layout":"content-sidebar","ngg_post_thumbnail":0,"_joinchat":[],"footnotes":""},"class_list":{"0":"post-1976","1":"page","2":"type-page","3":"status-publish","5":"entry"},"_links":{"self":[{"href":"https:\/\/www.anjahoeve.nl\/de\/wp-json\/wp\/v2\/pages\/1976","targetHints":{"allow":["GET"]}}],"collection":[{"href":"https:\/\/www.anjahoeve.nl\/de\/wp-json\/wp\/v2\/pages"}],"about":[{"href":"https:\/\/www.anjahoeve.nl\/de\/wp-json\/wp\/v2\/types\/page"}],"author":[{"embeddable":true,"href":"https:\/\/www.anjahoeve.nl\/de\/wp-json\/wp\/v2\/users\/3"}],"replies":[{"embeddable":true,"href":"https:\/\/www.anjahoeve.nl\/de\/wp-json\/wp\/v2\/comments?post=1976"}],"version-history":[{"count":1,"href":"https:\/\/www.anjahoeve.nl\/de\/wp-json\/wp\/v2\/pages\/1976\/revisions"}],"predecessor-version":[{"id":6518,"href":"https:\/\/www.anjahoeve.nl\/de\/wp-json\/wp\/v2\/pages\/1976\/revisions\/6518"}],"up":[{"embeddable":true,"href":"https:\/\/www.anjahoeve.nl\/de\/wp-json\/wp\/v2\/pages\/1969"}],"wp:attachment":[{"href":"https:\/\/www.anjahoeve.nl\/de\/wp-json\/wp\/v2\/media?parent=1976"}],"curies":[{"name":"wp","href":"https:\/\/api.w.org\/{rel}","templated":true}]}}