{"id":1953,"date":"2019-02-15T11:31:26","date_gmt":"2019-02-15T11:31:26","guid":{"rendered":"https:\/\/www.anjahoeve.nl\/cms\/?page_id=1953"},"modified":"2026-04-20T08:51:45","modified_gmt":"2026-04-20T08:51:45","slug":"onder-t-texels-stroodak-appartement-hof","status":"publish","type":"page","link":"https:\/\/www.anjahoeve.nl\/de\/unterkuenfte-anjahoeve-texel\/onder-t-texels-stroodak-appartement-hof\/","title":{"rendered":"Onder &#8218;t Texels Stroodak &#8211; Appartement Hof"},"content":{"rendered":"<p><em>&#8222;Nach Hause kommen auf Texel&#8220;<\/em><\/p>\n<p>Das Appartement Hof befindet sich in einem traditionellen reetgedeckten Glockenbauernhof aus dem Jahre 1895 mit dem Namen &#8222;Onder &#8218;t Texels Stroodak&#8220;. Der Bauernhof befindet sich auf dem alten Land von Texel (dem \u00e4ltesten Teil der Insel). Das Appartement Hof verf\u00fcgt \u00fcber ein sonniges Wohnzimmer. Die urspr\u00fcnglichen Details sind zum gr\u00f6\u00dften Teil noch erhalten, genie\u00dfen Sie in diesem Appartement den luxuri\u00f6sen Komfort der heutigen Zeit. Der Name Hof ist ein altniederl\u00e4ndisches Wort f\u00fcr Bauernhof, Burg, Freiplatz oder Haus.<br \/>\nKurzum: Nach Hause kommen auf Texel.<\/p>\n<h2>Bildergalerie<\/h2>\n<p>Schauen Sie sich hier die Bildergalerie an.<\/p>\nngg_shortcode_0_placeholder\n<p>&nbsp;<\/p>\n<h2>Einrichtung<\/h2>\n<p>Ger\u00e4umiges Wohnzimmer, zwei Schlafzimmer, offene moderne K\u00fcche und luxuri\u00f6ses Badezimmer mit Badewanne. Das Appartement liegt im Erdgeschoss.<\/p>\n<p><!-- begin Texel TV --><\/p>\n<p><!-- einde Texel TV --><\/p>\n<h2>Gr\u00f6\u00dfe<\/h2>\n<p>Dieses Appartement ist f\u00fcr 4 Personen geeignet.<\/p>\n<h2>K\u00fcche<\/h2>\n<p>Die komplett eingerichtete K\u00fcche verf\u00fcgt \u00fcber Sp\u00fclmaschine, Kombimikrowelle, Wasserkocher und Senseo-Kaffeemaschine.<\/p>\n<h2>Schlafzimmer<\/h2>\n<p>Beide Schlafzimmer sind mit komfortablen Boxspringbetten ausgestattet, auf Wunsch kann ein Kinderbett dazugestellt werden.<\/p>\n<h2>TV Empfang<\/h2>\n<p>Jedes Appartement verf\u00fcgt \u00fcber digitalen Fernseh mit feste Glasfiberanschluss, so dass alle beliebten niederl\u00e4ndischen und deutschen Sender empfangen werden k\u00f6nnen.<\/p>\n<h2>Haustiere<\/h2>\n<p>Haustiere sind selbstverst\u00e4ndlich willkommen, die G\u00e4rten von Heem und Hof sind umz\u00e4unt.<\/p>\n<h2>Internet<\/h2>\n<p>\u00dcber unseren WLAN (optimal Internet \u00fcber Glassfiber) haben Sie Zugang zum Internet. Bitte erfragen Sie bei Ihrer Ankunft die Passw\u00f6rter.<\/p>\n","protected":false},"excerpt":{"rendered":"<p>&#8222;Nach Hause kommen auf Texel&#8220; Das Appartement Hof befindet sich in einem traditionellen reetgedeckten Glockenbauernhof aus dem Jahre 1895 mit dem Namen &#8222;Onder &#8218;t Texels Stroodak&#8220;. Der Bauernhof befindet sich auf dem alten Land von Texel (dem \u00e4ltesten Teil der Insel). Das Appartement Hof verf\u00fcgt \u00fcber ein sonniges Wohnzimmer. Die urspr\u00fcnglichen Details sind zum gr\u00f6\u00dften [&hellip;]<\/p>\n","protected":false},"author":3,"featured_media":0,"parent":1926,"menu_order":0,"comment_status":"closed","ping_status":"closed","template":"","meta":{"_seopress_robots_primary_cat":"","_seopress_titles_title":"","_seopress_titles_desc":"","_seopress_robots_index":"","_genesis_hide_title":false,"_genesis_hide_breadcrumbs":false,"_genesis_hide_singular_image":false,"_genesis_hide_footer_widgets":false,"_genesis_custom_body_class":"","_genesis_custom_post_class":"","_genesis_layout":"","ngg_post_thumbnail":0,"_joinchat":[],"footnotes":""},"class_list":{"0":"post-1953","1":"page","2":"type-page","3":"status-publish","5":"entry"},"_links":{"self":[{"href":"https:\/\/www.anjahoeve.nl\/de\/wp-json\/wp\/v2\/pages\/1953","targetHints":{"allow":["GET"]}}],"collection":[{"href":"https:\/\/www.anjahoeve.nl\/de\/wp-json\/wp\/v2\/pages"}],"about":[{"href":"https:\/\/www.anjahoeve.nl\/de\/wp-json\/wp\/v2\/types\/page"}],"author":[{"embeddable":true,"href":"https:\/\/www.anjahoeve.nl\/de\/wp-json\/wp\/v2\/users\/3"}],"replies":[{"embeddable":true,"href":"https:\/\/www.anjahoeve.nl\/de\/wp-json\/wp\/v2\/comments?post=1953"}],"version-history":[{"count":5,"href":"https:\/\/www.anjahoeve.nl\/de\/wp-json\/wp\/v2\/pages\/1953\/revisions"}],"predecessor-version":[{"id":6502,"href":"https:\/\/www.anjahoeve.nl\/de\/wp-json\/wp\/v2\/pages\/1953\/revisions\/6502"}],"up":[{"embeddable":true,"href":"https:\/\/www.anjahoeve.nl\/de\/wp-json\/wp\/v2\/pages\/1926"}],"wp:attachment":[{"href":"https:\/\/www.anjahoeve.nl\/de\/wp-json\/wp\/v2\/media?parent=1953"}],"curies":[{"name":"wp","href":"https:\/\/api.w.org\/{rel}","templated":true}]}}