{"id":1918,"date":"2019-02-15T09:39:30","date_gmt":"2019-02-15T09:39:30","guid":{"rendered":"https:\/\/www.anjahoeve.nl\/cms\/?page_id=1918"},"modified":"2026-04-17T13:31:06","modified_gmt":"2026-04-17T13:31:06","slug":"sonja-urlaub-auf-texel-ohne-schwellen","status":"publish","type":"page","link":"https:\/\/www.anjahoeve.nl\/de\/sonja-urlaub-auf-texel-ohne-schwellen\/","title":{"rendered":"Sonja: Urlaub auf Texel ohne Schwellen"},"content":{"rendered":"<p>Unser neuer Freizeit Bungalow &#8222;Sonja&#8220; ist gem\u00fctlich, h\u00e4uslich und im Erdgeschoss, rollstuhlfreundlich eingerichtet mit flexiblen Anpassungsm\u00f6glichkeiten im Badezimmer.<\/p>\n<h2>Bildergalerie<\/h2>\n<p>Schauen Sie sich hier die Bilder vom Bungalow Sonja an.<\/p>\nngg_shortcode_0_placeholder\n<p>&nbsp;<\/p>\n<p>Da der Ausdruck &#8218;rollstuhlfreundlich&#8216; an sich nicht viel sagt, versuchen wir \u00fcber diese Webseite einen Eindruck davon zu geben, was Sie auf Texel und vom Sonja ins besondere erwarten k\u00f6nnen. Sie k\u00f6nnen so selbst eine Einsch\u00e4tzung machen, ob ein Urlaub auf dem Sonja und auf Texel etwas f\u00fcr Sie ist.<\/p>\n<h2>Einrichtung<\/h2>\n<p>Sonja ist ein freistehender Bungalow in einem typisch Texeler Baustil und geeignet f\u00fcr 6 Personen. Der Bungalow ist im Erdgeschoss komplett schwellenlos. Das Badezimmer ist versehen mit einem Gleitschutzboden. Die Haust\u00fcr (Durchgang 90 cm) l\u00e4sst sich elektrisch \u00f6ffnen. Die Innent\u00fcren, die Zugang zu anderen R\u00e4umen im Erdgeschoss bieten, sind Fl\u00fcgelt\u00fcren (Durchgang 90 cm). Die Terrasse erreichen Sie durch die Fl\u00fcgelt\u00fcrem im Wohnzimmer. Alle Schlafzimmer haben gute Boxspringbetten. Das Badezimmer im Erdgeschoss ist mit einem unterfahrbaren Waschbecken versehen und dank eines Wandschienensystem k\u00f6nnen wir ziemlich einfach einen Duschestuhl u\/o Toilettenb\u00fcgel f\u00fcr Sie aufstellen.<\/p>\n<p><!-- begin Texel TV --><\/p>\n<p><!-- einde Texel TV --><\/p>\n<h2>Gr\u00f6\u00dfe<\/h2>\n<p>Der Bungalow ist f\u00fcr 6 Personen geeignet, das Erdgeschoss hat eine Oberfl\u00e4che von etwa 70 m\u00b2. Im Erdgeschoss finden Sie ein Badezimmer, ein Schlafzimmer, die K\u00fcche und das Wohnzimmer. Der 1. Stock ist gleich gross und erreichbar \u00fcber eine Treppe. Es gibt keinen (Sessel)lift.<\/p>\n<h2>K\u00fcche<\/h2>\n<p>Es gibt eine komplett eingerichtete K\u00fcche. Das K\u00fcchenblatt ist nicht unterfahrbar. Wohl gibt es soviel wie m\u00f6glich Schubladen statt Untersch\u00e4nke. In der K\u00fcche finden Sie einen Geschirrsp\u00fcler, eine Oven, einen Wasserkocher und eine luxuri\u00f6se Kaffeemaschine (Kaffeebohnen werden frisch gemahlen).<\/p>\n<h2>Schlafzimmer<\/h2>\n<p>Ein Schlafzimmer ist im Erdgeschoss gelegen, die \u00fcbrigen zwei Schlafzimmer befinden sich im ersten Stock, diese sind \u00fcber eine Treppe erreichbar. Es gibt keinen (Sessel)lift. Alle Schlafzimmer haben gute Boxspringbetten (H\u00f6he 50 cm) Haben Sie spezielle W\u00fcnsche sowie zum Beispiel einen Hebeb\u00fchne f\u00fcr Patienten oder ein verstellbares Bett, dann k\u00f6nnen Sie dar\u00fcber (vorzeitig) Kontakt aufnehmen mit Thuiszorg Texel. Sie sind an Arbeitstagen telefonisch erreichbar zwischen 13.00 und 14.00 Uhr via 0222-314887 oder via E-Mail <a href=\"mailto:thuiszorgwinkeltexel@omring.nl\">thuiszorgwinkeltexel@omring.nl<\/a><\/p>\n<h2>Badezimmer<\/h2>\n<p>Die Badezimmer sind mit Gleitschutzboden versehen. Im Badezimmer im Erdgeschoss ist das Waschbecken unterfahrbar und mittels einer Wandschiene k\u00f6nnen ein Duschestuhl und Toiliettenb\u00fcgel einfach aufgestellt werden.<\/p>\n<p>Haben Sie spezielle W\u00fcnsche sowie zum Beispiel eine Hebeb\u00fchne oder Duschetrage, nehmen Sie dann (vorzeitig) Kontakt auf mit Thuiszorg Texel. Sie sind an Arbeitstagen telefonisch erreichbar zwischen 13.00 und 14.00 Uhr via 0222-314887 oder via E-Mail<\/p>\n<p><a href=\"mailto:thuiszorgwinkeltexel@omring.nl\">thuiszorgwinkeltexel@omring.nl<\/a><\/p>\n<h2>TV Empfang<\/h2>\n<p>Das Wohnzimmer und das Schlafzimmer im Erdgeschoss verf\u00fcgen \u00fcber digitalen TV- Empfang mit feste Glasfiberanschluss, sodass Sie alle popul\u00e4ren Niederl\u00e4ndischen und Deutschen Sender sehen k\u00f6nnen.<\/p>\n<h2>Wlan &#8211; Internet<\/h2>\n<p>\u00dcber unseren WLAN ( optimal Internet \u00fcber Glasfiber) haben Sie Zugang zum Internet. Bitte erfragen Sie bei Ihrer Ankunft die Passw\u00f6rter.<\/p>\n<h2>Haustiere<\/h2>\n<p>Haustiere sind selbstverst\u00e4ndlich willkommen.<\/p>\n<h2>Parken<\/h2>\n<p>Die Parkanlage f\u00fcr Behinderte ist an dem Bakkenweg. Vom Parkplatz erreichen Sie Sonja \u00fcber eine ungepflasterte Bauerngasse (60 Meter) oder \u00fcber eine gepflasterte Stra\u00dfe entlang dem Bakkenweg bis zum Westerweg (etwa 125 Meter). Der Parkplatz ist gut 3.50 Meter breit und 7 Meter lang.<\/p>\n<h2>Was d\u00fcrfen Sie erwarten unter rollstuhlfreundlich?<\/h2>\n<p>Das Erdgeschoss hat folgende Merkmale:<\/p>\n<ul>\n<li>Elektrische Eingangst\u00fcr<\/li>\n<li>Innent\u00fcren sind Schiebet\u00fcren<\/li>\n<li>Schwellenlos<\/li>\n<li>Angepasste Toilette mit Toilettenb\u00fcgeln<\/li>\n<li>Duschestuhl<\/li>\n<li>Unterfahrbares Waschbecken<\/li>\n<li>Gleitschutzboden<\/li>\n<li>Ein Schlafzimmer befindet sich im Erdgeschoss<\/li>\n<li>Fl\u00fcgelt\u00fcren zur Terrasse<\/li>\n<li>Ladestation f\u00fcr Behindertenfahrzeug drau\u00dfen (\u00fcberdacht) gegen\u00fcber dem Eingang des H\u00e4uschens.<\/li>\n<\/ul>\n<h2>Hilfsmittel<\/h2>\n<p>Hilfsmittel und Pflegeartikel k\u00f6nnen Sie \u00fcber Thuiszorg Texel bestellen. Die sorgt daf\u00fcr, dass Ihnen die Mittel bei Ankunft zur Verf\u00fcgung stehen. Sie sind an Arbeitstagen telefonisch erreichbar zwischen 13.00 und 14.00 Uhr via (0031)-(0)222-314887 oder via E-Mail <a href=\"mailto:thuiszorgwinkeltexel@omring.nl\">thuiszorgwinkeltexel@omring.nl<\/a><\/p>\n<p>Zum Beispiel:<\/p>\n<ul>\n<li>Verstellbares Bett<\/li>\n<li>Kr\u00fccken<\/li>\n<li>Hebeb\u00fchne f\u00fcr Patienten<\/li>\n<\/ul>\n<h2>Ferienpflege<\/h2>\n<p>Brauchen Sie Ferienpflege, informieren Sie dann bei LekkerTuus (0031)-(0)6 123 29 295 ob beim VakantieZorgTexel (0031)-(0)6 19 29 54 05&nbsp; nach den M\u00f6glichkeiten. Achtung! Sie m\u00fcssen diese Ferienpflege vorzeitig beantragen.<\/p>\n","protected":false},"excerpt":{"rendered":"<p>Unser neuer Freizeit Bungalow &#8222;Sonja&#8220; ist gem\u00fctlich, h\u00e4uslich und im Erdgeschoss, rollstuhlfreundlich eingerichtet mit flexiblen Anpassungsm\u00f6glichkeiten im Badezimmer. Bildergalerie Schauen Sie sich hier die Bilder vom Bungalow Sonja an. &nbsp; Da der Ausdruck &#8218;rollstuhlfreundlich&#8216; an sich nicht viel sagt, versuchen wir \u00fcber diese Webseite einen Eindruck davon zu geben, was Sie auf Texel und vom [&hellip;]<\/p>\n","protected":false},"author":3,"featured_media":0,"parent":0,"menu_order":0,"comment_status":"closed","ping_status":"closed","template":"","meta":{"_seopress_robots_primary_cat":"","_seopress_titles_title":"","_seopress_titles_desc":"","_seopress_robots_index":"","_genesis_hide_title":false,"_genesis_hide_breadcrumbs":false,"_genesis_hide_singular_image":false,"_genesis_hide_footer_widgets":false,"_genesis_custom_body_class":"sonja-mindervaliden","_genesis_custom_post_class":"","_genesis_layout":"","ngg_post_thumbnail":0,"_joinchat":[],"footnotes":""},"class_list":{"0":"post-1918","1":"page","2":"type-page","3":"status-publish","5":"entry"},"_links":{"self":[{"href":"https:\/\/www.anjahoeve.nl\/de\/wp-json\/wp\/v2\/pages\/1918","targetHints":{"allow":["GET"]}}],"collection":[{"href":"https:\/\/www.anjahoeve.nl\/de\/wp-json\/wp\/v2\/pages"}],"about":[{"href":"https:\/\/www.anjahoeve.nl\/de\/wp-json\/wp\/v2\/types\/page"}],"author":[{"embeddable":true,"href":"https:\/\/www.anjahoeve.nl\/de\/wp-json\/wp\/v2\/users\/3"}],"replies":[{"embeddable":true,"href":"https:\/\/www.anjahoeve.nl\/de\/wp-json\/wp\/v2\/comments?post=1918"}],"version-history":[{"count":8,"href":"https:\/\/www.anjahoeve.nl\/de\/wp-json\/wp\/v2\/pages\/1918\/revisions"}],"predecessor-version":[{"id":6490,"href":"https:\/\/www.anjahoeve.nl\/de\/wp-json\/wp\/v2\/pages\/1918\/revisions\/6490"}],"wp:attachment":[{"href":"https:\/\/www.anjahoeve.nl\/de\/wp-json\/wp\/v2\/media?parent=1918"}],"curies":[{"name":"wp","href":"https:\/\/api.w.org\/{rel}","templated":true}]}}