{"id":1873,"date":"2019-02-01T13:29:01","date_gmt":"2019-02-01T13:29:01","guid":{"rendered":"https:\/\/www.anjahoeve.nl\/cms\/?page_id=1873"},"modified":"2026-04-20T08:49:02","modified_gmt":"2026-04-20T08:49:02","slug":"das-blaue-appartement","status":"publish","type":"page","link":"https:\/\/www.anjahoeve.nl\/de\/unterkuenfte-anjahoeve-texel\/das-blaue-appartement\/","title":{"rendered":"Das blaue Appartement"},"content":{"rendered":"<p>Das blaue Appartement hat eine maritime Einrichtung, mit Texelschen Akzenten betont.<\/p>\n<h2>Bildergalerie<\/h2>\n<p>Schauen Sie hier die Bildergalerie an.<\/p>\nngg_shortcode_0_placeholder\n<p>&nbsp;<\/p>\n<h2>Einrichtung<\/h2>\n<p>Ger\u00e4umiges Wohnzimmer, 2 Schlafzimmer, integrierte K\u00fcche und ein luxuri\u00f6ses Badezimmer mit Bad und Dusche.<\/p>\n<p><!-- begin Texel TV --><\/p>\n<p><!-- einde Texel TV --><\/p>\n<h2>Gr\u00f6\u00dfe<\/h2>\n<p>Dieses Appartement ist f\u00fcr 4 Personen geeignet.<\/p>\n<h2>K\u00fcche<\/h2>\n<p>Die komplett eingerichtete K\u00fcche ist mit Mikrowelle, Wasserkocher und Senseo-Kaffeemaschine ausger\u00fcstet.<\/p>\n<h2>Schlafzimmern<\/h2>\n<p>In den Schlafzimmern stehen gute Boxspring-Betten; es besteht die M\u00f6glichkeit, ein Kinderbett dazuzustellen.<\/p>\n<h2>TV Empfang<\/h2>\n<p>Jedes Appartement hat digitalen Emfpang mit feste Glasfiberanschluss, so dass Sie alle bekannten deutschen und holl\u00e4ndischen Sender empfangen k\u00f6nnen.<\/p>\n<h2>Wlan \u2013 Internet<\/h2>\n<p>\u00dcber unseren WLAN ( optimal Internet \u00fcber Glasfiber) haben Sie Zugang zum Internet. Bitte erfragen Sie bei Ihrer Ankunft die Passw\u00f6rter.<\/p>\n<p>&nbsp;<\/p>\n","protected":false},"excerpt":{"rendered":"<p>Das blaue Appartement hat eine maritime Einrichtung, mit Texelschen Akzenten betont. Bildergalerie Schauen Sie hier die Bildergalerie an. &nbsp; Einrichtung Ger\u00e4umiges Wohnzimmer, 2 Schlafzimmer, integrierte K\u00fcche und ein luxuri\u00f6ses Badezimmer mit Bad und Dusche. Gr\u00f6\u00dfe Dieses Appartement ist f\u00fcr 4 Personen geeignet. K\u00fcche Die komplett eingerichtete K\u00fcche ist mit Mikrowelle, Wasserkocher und Senseo-Kaffeemaschine ausger\u00fcstet. Schlafzimmern [&hellip;]<\/p>\n","protected":false},"author":3,"featured_media":0,"parent":1926,"menu_order":0,"comment_status":"closed","ping_status":"closed","template":"","meta":{"_seopress_robots_primary_cat":"","_seopress_titles_title":"","_seopress_titles_desc":"","_seopress_robots_index":"","_genesis_hide_title":false,"_genesis_hide_breadcrumbs":false,"_genesis_hide_singular_image":false,"_genesis_hide_footer_widgets":false,"_genesis_custom_body_class":"","_genesis_custom_post_class":"","_genesis_layout":"","ngg_post_thumbnail":0,"_joinchat":[],"footnotes":""},"class_list":{"0":"post-1873","1":"page","2":"type-page","3":"status-publish","5":"entry"},"_links":{"self":[{"href":"https:\/\/www.anjahoeve.nl\/de\/wp-json\/wp\/v2\/pages\/1873","targetHints":{"allow":["GET"]}}],"collection":[{"href":"https:\/\/www.anjahoeve.nl\/de\/wp-json\/wp\/v2\/pages"}],"about":[{"href":"https:\/\/www.anjahoeve.nl\/de\/wp-json\/wp\/v2\/types\/page"}],"author":[{"embeddable":true,"href":"https:\/\/www.anjahoeve.nl\/de\/wp-json\/wp\/v2\/users\/3"}],"replies":[{"embeddable":true,"href":"https:\/\/www.anjahoeve.nl\/de\/wp-json\/wp\/v2\/comments?post=1873"}],"version-history":[{"count":5,"href":"https:\/\/www.anjahoeve.nl\/de\/wp-json\/wp\/v2\/pages\/1873\/revisions"}],"predecessor-version":[{"id":6499,"href":"https:\/\/www.anjahoeve.nl\/de\/wp-json\/wp\/v2\/pages\/1873\/revisions\/6499"}],"up":[{"embeddable":true,"href":"https:\/\/www.anjahoeve.nl\/de\/wp-json\/wp\/v2\/pages\/1926"}],"wp:attachment":[{"href":"https:\/\/www.anjahoeve.nl\/de\/wp-json\/wp\/v2\/media?parent=1873"}],"curies":[{"name":"wp","href":"https:\/\/api.w.org\/{rel}","templated":true}]}}