{"id":1865,"date":"2019-02-01T13:21:39","date_gmt":"2019-02-01T13:21:39","guid":{"rendered":"https:\/\/www.anjahoeve.nl\/cms\/?page_id=1865"},"modified":"2026-04-20T09:12:50","modified_gmt":"2026-04-20T09:12:50","slug":"das-gruene-appartement","status":"publish","type":"page","link":"https:\/\/www.anjahoeve.nl\/de\/unterkuenfte-anjahoeve-texel\/das-gruene-appartement\/","title":{"rendered":"Das gr\u00fcne Appartement"},"content":{"rendered":"<p>In diesem Fr\u00fchjahr haben wir hart daran gearbeitet, einen angenehmen Aufenthalt mit Komfort zu gew\u00e4hrleisten. Die K\u00fcche und das Badezimmer wurden gr\u00fcndlich renoviert und im Wohnzimmer gibt es einige neue Gadgets zu entdecken.&nbsp;<\/p>\n<p>Das gr\u00fcne Appartement ist behaglich und romantisch. Hier schlafen Sie in einem Alkoven. Es ist f\u00fcr 2 Personen geeignet.&nbsp;<\/p>\n<h2>Bildergalerie<\/h2>\n<p>Schauen Sie hier die Bildergalerie an.<\/p>\nngg_shortcode_0_placeholder\n<p>&nbsp;<\/p>\n<h2>Einrichtung<\/h2>\n<p>Wohnzimmer mit integrierter K\u00fcche, ein Badezimmer mit begehbarer Komfortdusche mit elektrisch betriebener Fu\u00dfbodenheizung und einen begehbaren Kleiderschrank neben dem Alkoven.<\/p>\n<p><!-- begin Texel TV --><\/p>\n<p><!-- einde Texel TV --><\/p>\n<h2>Gro\u00dfe<\/h2>\n<p>Dieses Appartement ist f\u00fcr 2 Personen geeignet. Es besteht die M\u00f6glichkeit, ein Kinderbett dazuzustellen.<\/p>\n<h2>K\u00fcche<\/h2>\n<p>Wie in den anderen Apartments gibt es eine voll ausgestattete K\u00fcche. In der gr\u00fcnen K\u00fcche finden Sie einen Backofen mit Mikrowellenfunktion, ein Induktionskochfeld, einen Wasserkocher und eine Senseo-Kaffeemaschine.&nbsp;<\/p>\n<h2>Badezimmer<\/h2>\n<p>Das Badezimmer verf\u00fcgt \u00fcber eine begehbare Komfortdusche inklusive Regendusche und eine elektrisch betriebene Fu\u00dfbodenheizung.<\/p>\n<h2>TV Empfang<\/h2>\n<p>Jedes Appartement hat digitalen Emfpang mit feste Glasfiberanschluss, so dass Sie alle bekannten deutschen und holl\u00e4ndischen Sender empfangen k\u00f6nnen.<\/p>\n<h2>Wlan \u2013 Internet<\/h2>\n<p>\u00dcber unseren WLAN ( optimal Internet \u00fcber Glasfiber) haben Sie Zugang zum Internet. Bitte erfragen Sie bei Ihrer Ankunft die Passw\u00f6rter.<\/p>\n<p>&nbsp;<\/p>\n","protected":false},"excerpt":{"rendered":"<p>In diesem Fr\u00fchjahr haben wir hart daran gearbeitet, einen angenehmen Aufenthalt mit Komfort zu gew\u00e4hrleisten. Die K\u00fcche und das Badezimmer wurden gr\u00fcndlich renoviert und im Wohnzimmer gibt es einige neue Gadgets zu entdecken.&nbsp; Das gr\u00fcne Appartement ist behaglich und romantisch. Hier schlafen Sie in einem Alkoven. Es ist f\u00fcr 2 Personen geeignet.&nbsp; Bildergalerie Schauen Sie [&hellip;]<\/p>\n","protected":false},"author":3,"featured_media":0,"parent":1926,"menu_order":0,"comment_status":"closed","ping_status":"closed","template":"","meta":{"_seopress_robots_primary_cat":"","_seopress_titles_title":"","_seopress_titles_desc":"","_seopress_robots_index":"","_genesis_hide_title":false,"_genesis_hide_breadcrumbs":false,"_genesis_hide_singular_image":false,"_genesis_hide_footer_widgets":false,"_genesis_custom_body_class":"","_genesis_custom_post_class":"","_genesis_layout":"","ngg_post_thumbnail":0,"_joinchat":[],"footnotes":""},"class_list":{"0":"post-1865","1":"page","2":"type-page","3":"status-publish","5":"entry"},"_links":{"self":[{"href":"https:\/\/www.anjahoeve.nl\/de\/wp-json\/wp\/v2\/pages\/1865","targetHints":{"allow":["GET"]}}],"collection":[{"href":"https:\/\/www.anjahoeve.nl\/de\/wp-json\/wp\/v2\/pages"}],"about":[{"href":"https:\/\/www.anjahoeve.nl\/de\/wp-json\/wp\/v2\/types\/page"}],"author":[{"embeddable":true,"href":"https:\/\/www.anjahoeve.nl\/de\/wp-json\/wp\/v2\/users\/3"}],"replies":[{"embeddable":true,"href":"https:\/\/www.anjahoeve.nl\/de\/wp-json\/wp\/v2\/comments?post=1865"}],"version-history":[{"count":10,"href":"https:\/\/www.anjahoeve.nl\/de\/wp-json\/wp\/v2\/pages\/1865\/revisions"}],"predecessor-version":[{"id":6509,"href":"https:\/\/www.anjahoeve.nl\/de\/wp-json\/wp\/v2\/pages\/1865\/revisions\/6509"}],"up":[{"embeddable":true,"href":"https:\/\/www.anjahoeve.nl\/de\/wp-json\/wp\/v2\/pages\/1926"}],"wp:attachment":[{"href":"https:\/\/www.anjahoeve.nl\/de\/wp-json\/wp\/v2\/media?parent=1865"}],"curies":[{"name":"wp","href":"https:\/\/api.w.org\/{rel}","templated":true}]}}