{"id":1846,"date":"2019-02-01T12:57:41","date_gmt":"2019-02-01T12:57:41","guid":{"rendered":"https:\/\/www.anjahoeve.nl\/cms\/?page_id=1846"},"modified":"2021-04-08T16:16:29","modified_gmt":"2021-04-08T16:16:29","slug":"unterkuenfte-anja-hoeve","status":"publish","type":"page","link":"https:\/\/www.anjahoeve.nl\/de\/unterkuenfte-anjahoeve-texel\/unterkuenfte-anja-hoeve\/","title":{"rendered":"Unterk\u00fcnfte Anja Hoeve"},"content":{"rendered":"<p>Die Appartements sind sehr gem\u00fctlich, komfortabel und komplett eingerichtet, jede hat ihre eigene Farbe: <a href=\"https:\/\/www.anjahoeve.nl\/de\/unterkuenfte-anjahoeve-texel\/das-rote-appartement\/\">rot<\/a>, <a href=\"https:\/\/www.anjahoeve.nl\/de\/unterkuenfte-anjahoeve-texel\/das-blaue-appartement\/\">blau<\/a>, <a href=\"https:\/\/www.anjahoeve.nl\/de\/unterkuenfte-anjahoeve-texel\/das-gelbe-appartement\/\">gelb<\/a> und <a href=\"https:\/\/www.anjahoeve.nl\/de\/unterkuenfte-anjahoeve-texel\/das-gruene-appartement\/\">gr\u00fcn<\/a>.<\/p>\n<p><!-- begin Texel TV --><br \/>\n<iframe loading=\"lazy\" src=\"https:\/\/player.vimeo.com\/video\/534464880\" width=\"640\" height=\"360\" frameborder=\"0\" allow=\"autoplay; fullscreen; picture-in-picture\" allowfullscreen><\/iframe><br \/>\n<!-- einde Texel TV --><\/p>\n<h2>Kleine Artikel<\/h2>\n<p>Kleine Artikel, welche man oft vergisst mitzubringen sind vorhanden:<\/p>\n<ul>\n<li>K\u00fcchen-und Geschirrt\u00fccher<\/li>\n<li>Sp\u00fclb\u00fcrste und Sp\u00fclmittel<\/li>\n<li>Streichh\u00f6lzer und WC-Papier<\/li>\n<\/ul>\n<h2>Die Appartements verf\u00fcgen \u00fcber:<\/h2>\n<ul>\n<li>Integrierte K\u00fcche<\/li>\n<li>Luxuri\u00f6ses Badezimmer<\/li>\n<li>Komplett eingerichtet<\/li>\n<\/ul>\n<h2>Die Wohnungen wurden komplett eingerichtet und sind ausger\u00fcstet mit:<\/h2>\n<ul>\n<li>Senseo Kaffeemaschine<\/li>\n<li>Mikrowelle<\/li>\n<li>Farb-TV<\/li>\n<li>Radio\/CD-Spiele<\/li>\n<li>Radiowecker<\/li>\n<li>Digitalem Emfpang mit feste Glasfiberanschluss &#8211; Sie k\u00f6nnen alle bekannten deutschen und holl\u00e4ndischen Sender empfangen.<\/li>\n<li>Drahtlos Internet<\/li>\n<li>Bodenheissung<\/li>\n<\/ul>\n<h2>Nicht rauchen<\/h2>\n<p>Anjahoeve hat ausschlie\u00dflich Nicht-Rauchen Appartements.<\/p>\n","protected":false},"excerpt":{"rendered":"<p>Die Appartements sind sehr gem\u00fctlich, komfortabel und komplett eingerichtet, jede hat ihre eigene Farbe: rot, blau, gelb und gr\u00fcn. Kleine Artikel Kleine Artikel, welche man oft vergisst mitzubringen sind vorhanden: K\u00fcchen-und Geschirrt\u00fccher Sp\u00fclb\u00fcrste und Sp\u00fclmittel Streichh\u00f6lzer und WC-Papier Die Appartements verf\u00fcgen \u00fcber: Integrierte K\u00fcche Luxuri\u00f6ses Badezimmer Komplett eingerichtet Die Wohnungen wurden komplett eingerichtet und sind [&hellip;]<\/p>\n","protected":false},"author":3,"featured_media":0,"parent":1926,"menu_order":0,"comment_status":"closed","ping_status":"closed","template":"","meta":{"_seopress_robots_primary_cat":"","_seopress_titles_title":"","_seopress_titles_desc":"","_seopress_robots_index":"","_genesis_hide_title":false,"_genesis_hide_breadcrumbs":false,"_genesis_hide_singular_image":false,"_genesis_hide_footer_widgets":false,"_genesis_custom_body_class":"","_genesis_custom_post_class":"","_genesis_layout":"","ngg_post_thumbnail":0,"_joinchat":[],"footnotes":""},"class_list":{"0":"post-1846","1":"page","2":"type-page","3":"status-publish","5":"entry"},"_links":{"self":[{"href":"https:\/\/www.anjahoeve.nl\/de\/wp-json\/wp\/v2\/pages\/1846","targetHints":{"allow":["GET"]}}],"collection":[{"href":"https:\/\/www.anjahoeve.nl\/de\/wp-json\/wp\/v2\/pages"}],"about":[{"href":"https:\/\/www.anjahoeve.nl\/de\/wp-json\/wp\/v2\/types\/page"}],"author":[{"embeddable":true,"href":"https:\/\/www.anjahoeve.nl\/de\/wp-json\/wp\/v2\/users\/3"}],"replies":[{"embeddable":true,"href":"https:\/\/www.anjahoeve.nl\/de\/wp-json\/wp\/v2\/comments?post=1846"}],"version-history":[{"count":2,"href":"https:\/\/www.anjahoeve.nl\/de\/wp-json\/wp\/v2\/pages\/1846\/revisions"}],"predecessor-version":[{"id":4282,"href":"https:\/\/www.anjahoeve.nl\/de\/wp-json\/wp\/v2\/pages\/1846\/revisions\/4282"}],"up":[{"embeddable":true,"href":"https:\/\/www.anjahoeve.nl\/de\/wp-json\/wp\/v2\/pages\/1926"}],"wp:attachment":[{"href":"https:\/\/www.anjahoeve.nl\/de\/wp-json\/wp\/v2\/media?parent=1846"}],"curies":[{"name":"wp","href":"https:\/\/api.w.org\/{rel}","templated":true}]}}