{"id":1832,"date":"2019-02-01T12:15:55","date_gmt":"2019-02-01T12:15:55","guid":{"rendered":"https:\/\/www.anjahoeve.nl\/cms\/?page_id=1832"},"modified":"2025-05-06T11:52:05","modified_gmt":"2025-05-06T11:52:05","slug":"appartements-vermietung-anjahoeve-texel","status":"publish","type":"page","link":"https:\/\/www.anjahoeve.nl\/de\/","title":{"rendered":"Appartements Vermietung Anja Hoeve Texel"},"content":{"rendered":"<p>Albert Huisman, Gastgeber von Anja Hoeve, heisst Sie herzlich willkommen. Unser Haus, mit dem sch\u00f6nen Namen &#8218;Anja Hoeve&#8216;, ist ein alter Texeler Bauernhof mit sehr authentischer Sph\u00e4re in der N\u00e4he von Wald, D\u00fcnen und Strand. Er wurde 1740 gebaut und besteht aus einem Vorderhaus, sowie einem reetgedeckten Geb\u00e4ude. Letzteres beherbergt die Appartements, jedes auf einer Ecke.<\/p>\n<p>Zum Bauernhof geh\u00f6rt ein grosser Garten mit allgemeiner Terrasse, Schaukeln &amp; Rutschbahn, Sandkasten und H\u00fchnerstall (genannt: Villa Kakelbont). Auf einer kleinen Weide wohnen unsere Ziegen Bo und Bo.<\/p>\n<h2>Anja Hoeve Film<\/h2>\n<h2>Unsere Appartements<\/h2>\n<p>Die \u00dcnterkunfte sind sehr gem\u00fctlich, komfortabel und komplett eingerichtet, jede hat ihre eigene Farbe: <a href=\"https:\/\/www.anjahoeve.nl\/de\/unterkuenfte-anjahoeve-texel\/das-rote-appartement\">rot<\/a>, <a href=\"https:\/\/www.anjahoeve.nl\/de\/unterkuenfte-anjahoeve-texel\/das-gruene-appartement\/\">gr\u00fcn<\/a>, <a href=\"https:\/\/www.anjahoeve.nl\/de\/unterkuenfte-anjahoeve-texel\/das-blaue-appartement\/\">blau<\/a> und <a href=\"https:\/\/www.anjahoeve.nl\/de\/unterkuenfte-anjahoeve-texel\/das-gelbe-appartement\/\">gelb<\/a>.<br \/>\nDer Bungalow hei\u00dft <a href=\"https:\/\/www.anjahoeve.nl\/de\/unterkuenfte-anjahoeve-texel\/bungalow-sonja\/\">Sonja<\/a> und die zwei Appartements im Bauernhof &#8222;Texels Stroodak&#8220; hei\u00dfen <a href=\"https:\/\/www.anjahoeve.nl\/de\/unterkuenfte-anjahoeve-texel\/t-texels-stroodak-appartement-heem\/\">Heem<\/a> und <a href=\"https:\/\/www.anjahoeve.nl\/de\/unterkuenfte-anjahoeve-texel\/onder-t-texels-stroodak-appartement-hof\/\">Hof<\/a>. Die \u00dcnterkunfte verf\u00fcgen \u00fcber eine integrierte K\u00fcche und ein luxuri\u00f6ses Badezimmer.<br \/>\n<a href=\"https:\/\/www.anjahoeve.nl\/de\/unterkuenfte-anjahoeve-texel\/unterkuenfte-anja-hoeve\/\">Weiter<\/a> &gt;&gt;<\/p>\n<h2>Lage Anja Hoeve<\/h2>\n<p>Unser Bauernhof ist ruhig gelegen, am Westerweg, einer Durchgangsstrasse zwischen Den Hoorn und Den Burg, von beiden Orten nur 3 km entfernt, (Pontweg, Abfahrt Nr. 8). Den Burg ist das Herz der Insel Texel, Shoppen, Schauen und Schlemmern sind angesagt. Jeden Montag ist hier Wochenmarkt.<br \/>\n<a href=\"https:\/\/www.anjahoeve.nl\/de\/lage-appartement-vermietung-anjahoeve-texel\/\">Weiter<\/a> &gt;&gt;<\/p>\n<h2>Geschichte<\/h2>\n<p>Der erste bekannte Besitzer\/Bewohner im Jahre 1742 war Pieter Arisz Eelman (1710-1788), welcher mit Cornelisje Jacobsd. Visser verheiratet war. (Hoeve Valkenburgh 1710-1782). Bauer Eelman war ein Landwirt, der sich ausser Pferd und Wagen auch eine Karriole leisten konnte; w\u00e4hrend seine Frau Cornelisje f\u00fcr ihre drei Kinder ein Dienstm\u00e4dchen zur Verf\u00fcgung hatte.<\/p>\n<h2>Reservieren f\u00fcr 2026 jetzt m\u00f6glich!<\/h2>\n<p>Gute Nachrichten f\u00fcr Liebhaber von Ruhe, Platz und Texel-Gastfreundschaft: Ab sofort ist es m\u00f6glich, einen Aufenthalt im Anjahoeve im Jahr 2026 zu reservieren!<br \/>\nTexel wartet auf Sie. Reservieren Sie rechtzeitig und sichern Sie sich Ihren Lieblingsplatz auf der Insel.<\/p>\n<p>Bitte beachten Sie, dass sich ab Januar 2026 der feste An- und Abreisetag f\u00fcr Red &amp; Blue Unterk\u00fcnfte \u00e4ndert!<br \/>\n<strong>Fester An- und Abreisetag f\u00fcr unser Haus Sonja; Unterkunft Gelb &amp; Gr\u00fcn = Freitag<\/strong><br \/>\n<strong>Fester An- und Abreisetag f\u00fcr Rot, Blau, Heem &amp; Hof = Samstag<\/strong><\/p>\n<p>Wir merken, dass es immer wichtiger wird, unsere G\u00e4ste ruhig und gastfreundlich zu empfangen. Bei f\u00fcnf \u00c4nderungen an einem Tag wurde es einfach zu voll. Durch die bessere Verteilung der An- und Abreisetage haben wir mehr Zeit und Aufmerksamkeit f\u00fcr jeden Gast \u2013 genau so, wie wir es im Anjahoeve m\u00f6gen.<\/p>\n<h2>Whatsapp Stornierungsalarm<\/h2>\n<p>M\u00f6chten Sie als Erster informiert werden, wenn kurzfristig ein Platz in einer der Unterk\u00fcnfte des Anjahoeve frei wird? Dann melden Sie sich f\u00fcr den Whatsapp-Stornierungsalarm an.<\/p>\n<p>Senden Sie uns eine Whatsapp-Nachricht mit dem Inhalt: Melden Sie sich f\u00fcr die Stornierungswarnung an und speichern Sie uns unter Ihren TelefonKontakten auf Ihrem Mobiltelefon.<\/p>\n<p>Die Nachricht, die Sie erhalten, ist v\u00f6llig unverbindlich und verpflichtet Sie zu nichts. Sie k\u00f6nnen sich jederzeit abmelden. Ihre Telefondaten werden nicht f\u00fcr andere Zwecke verwendet oder an Dritte weitergegeben.<\/p>\n<h2>Anja Hoeve &#8211; Texel Puzzle 1.000 Teile<\/h2>\n<p>Cecile de Boer hat f\u00fcr uns ein wundersch\u00f6nes abstraktes Gem\u00e4lde der Anjahoeve angefertigt, die seit 2014 in unserem Haus Sonja an der Wand h\u00e4ngt. Jetzt in limitierter Auflage als Puzzle (1.000 St\u00fcck) exklusiv f\u00fcr unsere G\u00e4ste bei Buchung einer Unterkunft erh\u00e4ltlich. F\u00fcr weitere Informationen und um zu lesen Lesen Sie mehr &gt;&gt; Puzzle (1.000 St\u00fcck) exklusiv f\u00fcr unsere G\u00e4ste bei Buchung einer Unterkunft erh\u00e4ltlich. F\u00fcr weitere Informationen und Reservieren <a href=\"https:\/\/www.anjahoeve.nl\/de\/texel-puzzle-1000-stueck\/\">Lesen Sie mehr &gt;&gt;<\/a><\/p>\nngg_shortcode_0_placeholder\n<ul>\n<li>Kann exklusiv f\u00fcr unsere G\u00e4ste zu einem kleinen Preis bestellt werden<\/li>\n<li>Eine limitierte Auflage<\/li>\n<li>Abmessung Puzzle 68 x 49<\/li>\n<\/ul>\n<h2>Neu: Ladestationen f\u00fcr das Elektroauto<\/h2>\n<p>Dank unseres Solarprojekts haben wir 4 Ladestationen f\u00fcr das Elektro- oder Hybridauto. Auf diese Weise beh\u00e4lt jeder seinen permanenten Parkplatz. Unsere Ladepunkte k\u00f6nnen nur mit unserer eigenen AnjaHoeve-Ladekarte aktiviert werden. Unsere Ladestationen funktionieren nicht mit den nationalen EV-Karten. Bei uns zahlen Sie ein bisschen Kosten f\u00fcr den Stromverbrauch zum Aufladen Ihres Autos. Sie ben\u00f6tigen unsere eigene Anja Hoeve-Ladekarte, um auf die EV-Ladestation zugreifen zu k\u00f6nnen.&nbsp; <a href=\"https:\/\/www.anjahoeve.nl\/de\/anja-hoeve-tipps\/laden-sie-ihr-auto-auf-texel\/\">Lesen Sie mehr \u00fcber unser Solarprojekt &gt;&gt;<\/a><\/p>\n<p>&nbsp;<\/p>\n","protected":false},"excerpt":{"rendered":"<p>Albert Huisman, Gastgeber von Anja Hoeve, heisst Sie herzlich willkommen. Unser Haus, mit dem sch\u00f6nen Namen &#8218;Anja Hoeve&#8216;, ist ein alter Texeler Bauernhof mit sehr authentischer Sph\u00e4re in der N\u00e4he von Wald, D\u00fcnen und Strand. Er wurde 1740 gebaut und besteht aus einem Vorderhaus, sowie einem reetgedeckten Geb\u00e4ude. Letzteres beherbergt die Appartements, jedes auf einer [&hellip;]<\/p>\n","protected":false},"author":3,"featured_media":0,"parent":0,"menu_order":0,"comment_status":"closed","ping_status":"closed","template":"","meta":{"_seopress_robots_primary_cat":"","_seopress_titles_title":"","_seopress_titles_desc":"","_seopress_robots_index":"","_genesis_hide_title":false,"_genesis_hide_breadcrumbs":false,"_genesis_hide_singular_image":false,"_genesis_hide_footer_widgets":false,"_genesis_custom_body_class":"","_genesis_custom_post_class":"","_genesis_layout":"content-sidebar","ngg_post_thumbnail":0,"_joinchat":[],"footnotes":""},"class_list":{"0":"post-1832","1":"page","2":"type-page","3":"status-publish","5":"entry"},"_links":{"self":[{"href":"https:\/\/www.anjahoeve.nl\/de\/wp-json\/wp\/v2\/pages\/1832","targetHints":{"allow":["GET"]}}],"collection":[{"href":"https:\/\/www.anjahoeve.nl\/de\/wp-json\/wp\/v2\/pages"}],"about":[{"href":"https:\/\/www.anjahoeve.nl\/de\/wp-json\/wp\/v2\/types\/page"}],"author":[{"embeddable":true,"href":"https:\/\/www.anjahoeve.nl\/de\/wp-json\/wp\/v2\/users\/3"}],"replies":[{"embeddable":true,"href":"https:\/\/www.anjahoeve.nl\/de\/wp-json\/wp\/v2\/comments?post=1832"}],"version-history":[{"count":10,"href":"https:\/\/www.anjahoeve.nl\/de\/wp-json\/wp\/v2\/pages\/1832\/revisions"}],"predecessor-version":[{"id":6185,"href":"https:\/\/www.anjahoeve.nl\/de\/wp-json\/wp\/v2\/pages\/1832\/revisions\/6185"}],"wp:attachment":[{"href":"https:\/\/www.anjahoeve.nl\/de\/wp-json\/wp\/v2\/media?parent=1832"}],"curies":[{"name":"wp","href":"https:\/\/api.w.org\/{rel}","templated":true}]}}